{"id":229,"date":"2025-02-04T14:47:11","date_gmt":"2025-02-04T13:47:11","guid":{"rendered":"https:\/\/domaine-saint-michel.com\/?page_id=229"},"modified":"2025-04-14T09:55:32","modified_gmt":"2025-04-14T07:55:32","slug":"access-contact","status":"publish","type":"page","link":"https:\/\/domaine-saint-michel.com\/en\/acces-contact\/","title":{"rendered":"Access &amp; Contact"},"content":{"rendered":"<div class=\"wp-block-stackable-heading stk-block-heading stk-block-heading--v2 stk-block stk-3c88740\" id=\"contactez-nous\" data-block-id=\"3c88740\"><h2 class=\"stk-block-heading__text has-text-align-center\">Contact us<\/h2><\/div>\n\n\n\n<div class=\"wp-block-stackable-columns alignfull stk-block-columns stk-block stk-ba759dd\" data-block-id=\"ba759dd\"><style>.stk-ba759dd .stk--block-align-ba759dd{align-items:center !important;}.stk-ba759dd {margin-bottom:71px !important;}<\/style><div class=\"stk-row stk-inner-blocks stk--block-align-ba759dd stk-block-content stk-content-align stk-ba759dd-column alignwide\">\n<div class=\"wp-block-stackable-column stk-block-column stk-column stk-block stk-a1eabf7\" data-v=\"4\" data-block-id=\"a1eabf7\"><div class=\"stk-column-wrapper stk-block-column__content stk-container stk-a1eabf7-container stk--no-background stk--no-padding\"><div class=\"stk-block-content stk-inner-blocks stk-a1eabf7-inner-blocks\">\n<div class=\"wp-block-stackable-image stk-block-image stk-block stk-b080572\" data-block-id=\"b080572\"><style>.stk-b080572 {overflow:hidden !important;}.stk-b080572 .stk-img-wrapper{width:300px !important;}.stk-b080572 .stk-img-wrapper img{border-radius:25px !important;}<\/style><figure><span class=\"stk-img-wrapper stk-image--shape-stretch\"><img loading=\"lazy\" decoding=\"async\" class=\"stk-img wp-image-54\" src=\"https:\/\/domaine-saint-michel.com\/wp-content\/uploads\/2025\/01\/Design-sans-titre-scaled.jpg\" width=\"2560\" height=\"1707\" alt=\"domaine saint michel\" srcset=\"https:\/\/domaine-saint-michel.com\/wp-content\/uploads\/2025\/01\/Design-sans-titre-scaled.jpg 2560w, https:\/\/domaine-saint-michel.com\/wp-content\/uploads\/2025\/01\/Design-sans-titre-300x200.jpg 300w, https:\/\/domaine-saint-michel.com\/wp-content\/uploads\/2025\/01\/Design-sans-titre-1024x683.jpg 1024w, https:\/\/domaine-saint-michel.com\/wp-content\/uploads\/2025\/01\/Design-sans-titre-768x512.jpg 768w, https:\/\/domaine-saint-michel.com\/wp-content\/uploads\/2025\/01\/Design-sans-titre-1536x1024.jpg 1536w, https:\/\/domaine-saint-michel.com\/wp-content\/uploads\/2025\/01\/Design-sans-titre-2048x1366.jpg 2048w, https:\/\/domaine-saint-michel.com\/wp-content\/uploads\/2025\/01\/Design-sans-titre-500x333.jpg 500w, https:\/\/domaine-saint-michel.com\/wp-content\/uploads\/2025\/01\/Design-sans-titre-800x533.jpg 800w, https:\/\/domaine-saint-michel.com\/wp-content\/uploads\/2025\/01\/Design-sans-titre-1280x853.jpg 1280w, https:\/\/domaine-saint-michel.com\/wp-content\/uploads\/2025\/01\/Design-sans-titre-1920x1280.jpg 1920w\" sizes=\"auto, (max-width: 2560px) 100vw, 2560px\" \/><\/span><\/figure><\/div>\n\n\n\n<div class=\"wp-block-stackable-text stk-block-text stk-block stk-ba45805\" data-block-id=\"ba45805\"><style>.stk-ba45805 .stk-block-text__text{font-size:0.7em !important;color:#FFFFFF !important;text-transform:uppercase !important;font-family:\"Inter\", Sans-serif !important;}@media screen and (max-width: 1023px){.stk-ba45805 .stk-block-text__text{font-size:0.7em !important;}}<\/style><p class=\"stk-block-text__text has-text-color has-text-align-center\">Domaine Saint Michel&nbsp;<br>10 AVENUE DE TOUTEVOIE <br>60270 GOUVIEUX<\/p><\/div>\n\n\n\n<div class=\"wp-block-stackable-text stk-block-text stk-block stk-216f3ed\" data-block-id=\"216f3ed\"><p class=\"stk-block-text__text has-text-align-center\"><a href=\"mailto:contact@domainesaintmichel-chantilly.fr\">contact@domainesaintmichel-chantilly.fr<\/a><\/p><\/div>\n\n\n\n<div class=\"wp-block-stackable-button-group stk-block-button-group stk-block stk-752334f\" data-block-id=\"752334f\"><style>.stk-752334f {margin-bottom:18px !important;}<\/style><div class=\"stk-row stk-inner-blocks has-text-align-center stk-block-content stk-button-group\">\n<div class=\"wp-block-stackable-button stk-block-button stk-block stk-00c07bd\" data-block-id=\"00c07bd\"><style>.stk-00c07bd .stk-button{padding-top:5px !important;padding-right:5px !important;padding-bottom:5px !important;padding-left:25px !important;background:#4a4a2e !important;border-top-left-radius:36px !important;border-top-right-radius:36px !important;border-bottom-right-radius:36px !important;border-bottom-left-radius:36px !important;}.stk-00c07bd .stk-button:before{border-style:solid !important;border-color:#FFFFFF !important;border-top-width:1px !important;border-right-width:1px !important;border-bottom-width:1px !important;border-left-width:1px !important;}.stk-00c07bd .stk-button .stk--inner-svg svg:last-child{height:40px !important;width:40px !important;}.stk-00c07bd .stk-button__inner-text{font-size:0.75em !important;font-family:\"Inter\", Sans-serif !important;}@media screen and (max-width: 1023px){.stk-00c07bd .stk-button__inner-text{font-size:0.75em !important;}}<\/style><a class=\"stk-link stk-button stk--hover-effect-darken\" href=\"\"><span class=\"stk-button__inner-text\">Book           <\/span><span class=\"stk--svg-wrapper\"><div class=\"stk--inner-svg\"><svg class=\"ugb-custom-icon\" viewbox=\"0 0 45 45\" version=\"1.1\" xmlns=\"http:\/\/www.w3.org\/2000\/svg\" xmlns:xlink=\"http:\/\/www.w3.org\/1999\/xlink\" xml:space=\"preserve\" xmlns:serif=\"http:\/\/www.serif.com\/\" style=\"fill-rule:evenodd;clip-rule:evenodd;stroke-linecap:round;stroke-linejoin:round;stroke-miterlimit:1.5;\" aria-hidden=\"true\" width=\"32\" height=\"32\">\n    <use id=\"Arri\u00e8re-plan-99855\" xlink:href=\"#_Image1-99855\" x=\"0\" y=\"0\" width=\"45px\" height=\"45px\"><\/use>\n    <g transform=\"matrix(1.17937,0,0,1.20277,-6.63458,-7.86729)\">\n        <ellipse cx=\"24.75\" cy=\"24.997\" rx=\"18.357\" ry=\"17.863\" style=\"fill:white;\"><\/ellipse>\n    <\/g>\n    <path d=\"M19.302,15.69L24.729,22.09L19.455,27.364L20.838,29.514L27.699,22.756L27.699,21.374L20.633,14.615L19.302,15.69Z\" style=\"fill:rgb(74,74,0);stroke:black;stroke-opacity:0;stroke-width:1px;\"><\/path>\n    <defs>\n        <image id=\"_Image1-99855\" width=\"45px\" height=\"45px\" xlink:href=\"data:image\/png;base64,iVBORw0KGgoAAAANSUhEUgAAAC0AAAAtCAYAAAA6GuKaAAAACXBIWXMAAAsTAAALEwEAmpwYAAAAAXNSR0IArs4c6QAAAARnQU1BAACxjwv8YQUAAAHSSURBVHgB3ZmPUYMwFId\/OAFuEDegE5ROoBvYDaoT1BG6gXUCzwmgE8gGyQbFCZ7vlcRS\/HM9IDTxu3uBaOC+e5cmJEkwECLK+DLnyGykHKrVxNioOUqOXZIkFaaGRVOONYemfmj7vIJvrOyWxuXZmzy\/eMWxJz\/Ie9cYC8kCR0HTUNDQrFthTdOie4tfSPgs8eQ3Yb4UOB26psZwLHh4NN1\/fJNmYRln33FZYYfhmLF43f7j1Q8N5VesEAYKjc8JJ5nmLN\/x5RXhId2kdJWutEY4WW5TsfTMVb66BwsvEaawkLHfvau0+\/QKYbN0Nwdpar7UMoRNzp653LhMLxEHuRROeo44uJUisZPJHvFwLZkOvS93USKdIi4ykVaIizTGTKdXiJBopWvERR2jtBbp6Xd7hvER54xo11+xZFsWA7UbPd4QBzspnHSJONhKcZC2i8YSYVO5LeL25PKCsNm4m+5qXDZpQvxUNZzlG1fpTuOPCJO\/vTjbGwqLTdfxf+zl2QYL+8AlMWi2w87\/NqKA96dDFNc00hFGQdNQ0JgnXfyyJ\/J7uvUAH1CTdR\/niP4X11ZeMq+pH9o+30s2wUDoeDae43gurlpNDJolXWVj8Nn4J5Jx1kubnRu9AAAAAElFTkSuQmCC\"><\/image>\n    <\/defs>\n<\/svg><\/div><\/span><\/a><\/div>\n<\/div><\/div>\n\n\n\n<div class=\"wp-block-stackable-button-group stk-block-button-group stk-block stk-932958e\" data-block-id=\"932958e\"><div class=\"stk-row stk-inner-blocks has-text-align-center stk-block-content stk-button-group\">\n<div class=\"wp-block-stackable-button stk-block-button stk-block stk-4cf2b25\" data-block-id=\"4cf2b25\"><style>.stk-4cf2b25 .stk-button{padding-top:5px !important;padding-right:5px !important;padding-bottom:5px !important;padding-left:25px !important;background:#4a4a2e !important;border-top-left-radius:36px !important;border-top-right-radius:36px !important;border-bottom-right-radius:36px !important;border-bottom-left-radius:36px !important;}.stk-4cf2b25 .stk-button:before{border-style:solid !important;border-color:#FFFFFF !important;border-top-width:1px !important;border-right-width:1px !important;border-bottom-width:1px !important;border-left-width:1px !important;}.stk-4cf2b25 .stk-button .stk--inner-svg svg:last-child{height:40px !important;width:40px !important;}.stk-4cf2b25 .stk-button__inner-text{font-size:0.75em !important;font-family:\"Inter\", Sans-serif !important;}@media screen and (max-width: 1023px){.stk-4cf2b25 .stk-button__inner-text{font-size:0.75em !important;}}<\/style><a class=\"stk-link stk-button stk--hover-effect-darken\" href=\"tel:0344570205\"><span class=\"stk-button__inner-text\">03 44 57 02 05<\/span><span class=\"stk--svg-wrapper\"><div class=\"stk--inner-svg\"><svg class=\"ugb-custom-icon\" viewbox=\"0 0 45 45\" version=\"1.1\" xmlns=\"http:\/\/www.w3.org\/2000\/svg\" xmlns:xlink=\"http:\/\/www.w3.org\/1999\/xlink\" xml:space=\"preserve\" xmlns:serif=\"http:\/\/www.serif.com\/\" style=\"fill-rule:evenodd;clip-rule:evenodd;stroke-linecap:round;stroke-linejoin:round;stroke-miterlimit:1.5;\" aria-hidden=\"true\" width=\"32\" height=\"32\">\n    <use id=\"Arri\u00e8re-plan-99855\" xlink:href=\"#_Image1-99855\" x=\"0\" y=\"0\" width=\"45px\" height=\"45px\"><\/use>\n    <g transform=\"matrix(1.17937,0,0,1.20277,-6.63458,-7.86729)\">\n        <ellipse cx=\"24.75\" cy=\"24.997\" rx=\"18.357\" ry=\"17.863\" style=\"fill:white;\"><\/ellipse>\n    <\/g>\n    <path d=\"M19.302,15.69L24.729,22.09L19.455,27.364L20.838,29.514L27.699,22.756L27.699,21.374L20.633,14.615L19.302,15.69Z\" style=\"fill:rgb(74,74,0);stroke:black;stroke-opacity:0;stroke-width:1px;\"><\/path>\n    <defs>\n        <image id=\"_Image1-99855\" width=\"45px\" height=\"45px\" xlink:href=\"data:image\/png;base64,iVBORw0KGgoAAAANSUhEUgAAAC0AAAAtCAYAAAA6GuKaAAAACXBIWXMAAAsTAAALEwEAmpwYAAAAAXNSR0IArs4c6QAAAARnQU1BAACxjwv8YQUAAAHSSURBVHgB3ZmPUYMwFId\/OAFuEDegE5ROoBvYDaoT1BG6gXUCzwmgE8gGyQbFCZ7vlcRS\/HM9IDTxu3uBaOC+e5cmJEkwECLK+DLnyGykHKrVxNioOUqOXZIkFaaGRVOONYemfmj7vIJvrOyWxuXZmzy\/eMWxJz\/Ie9cYC8kCR0HTUNDQrFthTdOie4tfSPgs8eQ3Yb4UOB26psZwLHh4NN1\/fJNmYRln33FZYYfhmLF43f7j1Q8N5VesEAYKjc8JJ5nmLN\/x5RXhId2kdJWutEY4WW5TsfTMVb66BwsvEaawkLHfvau0+\/QKYbN0Nwdpar7UMoRNzp653LhMLxEHuRROeo44uJUisZPJHvFwLZkOvS93USKdIi4ykVaIizTGTKdXiJBopWvERR2jtBbp6Xd7hvER54xo11+xZFsWA7UbPd4QBzspnHSJONhKcZC2i8YSYVO5LeL25PKCsNm4m+5qXDZpQvxUNZzlG1fpTuOPCJO\/vTjbGwqLTdfxf+zl2QYL+8AlMWi2w87\/NqKA96dDFNc00hFGQdNQ0JgnXfyyJ\/J7uvUAH1CTdR\/niP4X11ZeMq+pH9o+30s2wUDoeDae43gurlpNDJolXWVj8Nn4J5Jx1kubnRu9AAAAAElFTkSuQmCC\"><\/image>\n    <\/defs>\n<\/svg><\/div><\/span><\/a><\/div>\n\n\n\n<div class=\"wp-block-stackable-button stk-block-button stk-block stk-3678cbc\" data-block-id=\"3678cbc\"><style>.stk-3678cbc .stk-button{padding-top:5px !important;padding-right:5px !important;padding-bottom:5px !important;padding-left:25px !important;background:#4a4a2e !important;border-top-left-radius:36px !important;border-top-right-radius:36px !important;border-bottom-right-radius:36px !important;border-bottom-left-radius:36px !important;}.stk-3678cbc .stk-button:before{border-style:solid !important;border-color:#FFFFFF !important;border-top-width:1px !important;border-right-width:1px !important;border-bottom-width:1px !important;border-left-width:1px !important;}.stk-3678cbc .stk-button .stk--inner-svg svg:last-child{height:40px !important;width:40px !important;}.stk-3678cbc .stk-button__inner-text{font-size:0.75em !important;font-family:\"Inter\", Sans-serif !important;}@media screen and (max-width: 1023px){.stk-3678cbc .stk-button__inner-text{font-size:0.75em !important;}}<\/style><a class=\"stk-link stk-button stk--hover-effect-darken\" href=\"tel:0652569886\"><span class=\"stk-button__inner-text\">06 52 56 98 86<\/span><span class=\"stk--svg-wrapper\"><div class=\"stk--inner-svg\"><svg class=\"ugb-custom-icon\" viewbox=\"0 0 45 45\" version=\"1.1\" xmlns=\"http:\/\/www.w3.org\/2000\/svg\" xmlns:xlink=\"http:\/\/www.w3.org\/1999\/xlink\" xml:space=\"preserve\" xmlns:serif=\"http:\/\/www.serif.com\/\" style=\"fill-rule:evenodd;clip-rule:evenodd;stroke-linecap:round;stroke-linejoin:round;stroke-miterlimit:1.5;\" aria-hidden=\"true\" width=\"32\" height=\"32\">\n    <use id=\"Arri\u00e8re-plan-99855\" xlink:href=\"#_Image1-99855\" x=\"0\" y=\"0\" width=\"45px\" height=\"45px\"><\/use>\n    <g transform=\"matrix(1.17937,0,0,1.20277,-6.63458,-7.86729)\">\n        <ellipse cx=\"24.75\" cy=\"24.997\" rx=\"18.357\" ry=\"17.863\" style=\"fill:white;\"><\/ellipse>\n    <\/g>\n    <path d=\"M19.302,15.69L24.729,22.09L19.455,27.364L20.838,29.514L27.699,22.756L27.699,21.374L20.633,14.615L19.302,15.69Z\" style=\"fill:rgb(74,74,0);stroke:black;stroke-opacity:0;stroke-width:1px;\"><\/path>\n    <defs>\n        <image id=\"_Image1-99855\" width=\"45px\" height=\"45px\" xlink:href=\"data:image\/png;base64,iVBORw0KGgoAAAANSUhEUgAAAC0AAAAtCAYAAAA6GuKaAAAACXBIWXMAAAsTAAALEwEAmpwYAAAAAXNSR0IArs4c6QAAAARnQU1BAACxjwv8YQUAAAHSSURBVHgB3ZmPUYMwFId\/OAFuEDegE5ROoBvYDaoT1BG6gXUCzwmgE8gGyQbFCZ7vlcRS\/HM9IDTxu3uBaOC+e5cmJEkwECLK+DLnyGykHKrVxNioOUqOXZIkFaaGRVOONYemfmj7vIJvrOyWxuXZmzy\/eMWxJz\/Ie9cYC8kCR0HTUNDQrFthTdOie4tfSPgs8eQ3Yb4UOB26psZwLHh4NN1\/fJNmYRln33FZYYfhmLF43f7j1Q8N5VesEAYKjc8JJ5nmLN\/x5RXhId2kdJWutEY4WW5TsfTMVb66BwsvEaawkLHfvau0+\/QKYbN0Nwdpar7UMoRNzp653LhMLxEHuRROeo44uJUisZPJHvFwLZkOvS93USKdIi4ykVaIizTGTKdXiJBopWvERR2jtBbp6Xd7hvER54xo11+xZFsWA7UbPd4QBzspnHSJONhKcZC2i8YSYVO5LeL25PKCsNm4m+5qXDZpQvxUNZzlG1fpTuOPCJO\/vTjbGwqLTdfxf+zl2QYL+8AlMWi2w87\/NqKA96dDFNc00hFGQdNQ0JgnXfyyJ\/J7uvUAH1CTdR\/niP4X11ZeMq+pH9o+30s2wUDoeDae43gurlpNDJolXWVj8Nn4J5Jx1kubnRu9AAAAAElFTkSuQmCC\"><\/image>\n    <\/defs>\n<\/svg><\/div><\/span><\/a><\/div>\n<\/div><\/div>\n<\/div><\/div><\/div>\n\n\n\n<div class=\"wp-block-stackable-column stk-block-column stk-column stk-block stk-e301390\" data-v=\"4\" data-block-id=\"e301390\"><div class=\"stk-column-wrapper stk-block-column__content stk-container stk-e301390-container stk--no-background stk--no-padding\"><div class=\"stk-block-content stk-inner-blocks stk-e301390-inner-blocks\">\n<div class=\"wp-block-stackable-text stk-block-text stk-block stk-d8d0f58\" data-block-id=\"d8d0f58\"><p class=\"stk-block-text__text\"><\/p><\/div>\n\n\n<p data-block-type=\"core\"><div class='fluentform ff-default fluentform_wrapper_4 ffs_default_wrap'><form data-form_id=\"4\" id=\"fluentform_4\" class=\"frm-fluent-form fluent_form_4 ff-el-form-top ff_form_instance_4_1 ff-form-loading ff_has_v3_recptcha ffs_default\" data-form_instance=\"ff_form_instance_4_1\" method=\"POST\" data-recptcha_key=\"6LcJntMqAAAAAO001oXuXYsCswkFbTC-4RFAOzgo\" action=\"\" ><fieldset  style=\"border: none!important;margin: 0!important;padding: 0!important;background-color: transparent!important;box-shadow: none!important;outline: none!important; min-inline-size: 100%;\">\n                    <legend class=\"ff_screen_reader_title\" style=\"display: block; margin: 0!important;padding: 0!important;height: 0!important;text-indent: -999999px;width: 0!important;overflow:hidden;\">Contact form<\/legend><input type='hidden' name='__fluent_form_embded_post_id' value='229' \/><input type=\"hidden\" id=\"_fluentform_4_fluentformnonce\" name=\"_fluentform_4_fluentformnonce\" value=\"136be920b5\" \/><input type=\"hidden\" name=\"_wp_http_referer\" value=\"\/en\/wp-json\/wp\/v2\/pages\/229\" \/><div data-name=\"ff_cn_id_1\"  class='ff-t-container ff-column-container ff_columns_total_2'><div class='ff-t-cell ff-t-column-1' style='flex-basis: 50%;'><div class='ff-el-group'><div class=\"ff-el-input--label ff-el-is-required asterisk-right\"><label for='ff_4_nom' id='label_ff_4_nom' aria-label=\"Name\">Name<\/label><\/div><div class='ff-el-input--content'><input type=\"text\" name=\"nom\" class=\"ff-el-form-control\" data-name=\"nom\" id=\"ff_4_nom\"  aria-invalid=\"false\" aria-required=\"true\"><\/div><\/div><\/div><div class='ff-t-cell ff-t-column-2' style='flex-basis: 50%;'><div class='ff-el-group'><div class=\"ff-el-input--label asterisk-right\"><label for='ff_4_prenom' id='label_ff_4_prenom' aria-label=\"First name\">First name<\/label><\/div><div class='ff-el-input--content'><input type=\"text\" name=\"prenom\" class=\"ff-el-form-control\" data-name=\"prenom\" id=\"ff_4_prenom\"  aria-invalid=\"false\" aria-required=\"false\"><\/div><\/div><\/div><\/div><div data-name=\"ff_cn_id_2\"  class='ff-t-container ff-column-container ff_columns_total_2'><div class='ff-t-cell ff-t-column-1' style='flex-basis: 50%;'><div class='ff-el-group'><div class=\"ff-el-input--label ff-el-is-required asterisk-right\"><label for='ff_4_email' id='label_ff_4_email' aria-label=\"E-mail\">E-mail<\/label><\/div><div class='ff-el-input--content'><input type=\"email\" name=\"email\" id=\"ff_4_email\" class=\"ff-el-form-control\" data-name=\"email\"  aria-invalid=\"false\" aria-required=\"true\"><\/div><\/div><\/div><div class='ff-t-cell ff-t-column-2' style='flex-basis: 50%;'><div class='ff-el-group'><div class=\"ff-el-input--label asterisk-right\"><label for='ff_4_phone' id='label_ff_4_phone' aria-label=\"Telephone\">Telephone<\/label><\/div><div class='ff-el-input--content'><input type=\"text\" name=\"phone\" class=\"ff-el-form-control\" data-name=\"phone\" id=\"ff_4_phone\"  aria-invalid=\"false\" aria-required=\"false\"><\/div><\/div><\/div><\/div><div data-name=\"ff_cn_id_3\"  class='ff-t-container ff-column-container ff_columns_total_1'><div class='ff-t-cell ff-t-column-1' style='flex-basis: 100%;'><div class='ff-el-group'><div class=\"ff-el-input--label asterisk-right\"><label for='ff_4_adresse' id='label_ff_4_adresse' aria-label=\"Address\">Address<\/label><\/div><div class='ff-el-input--content'><input type=\"text\" name=\"adresse\" class=\"ff-el-form-control\" data-name=\"adresse\" id=\"ff_4_adresse\"  aria-invalid=\"false\" aria-required=\"false\"><\/div><\/div><\/div><\/div><div data-name=\"ff_cn_id_4\"  class='ff-t-container ff-column-container ff_columns_total_2'><div class='ff-t-cell ff-t-column-1' style='flex-basis: 50%;'><div class='ff-el-group'><div class=\"ff-el-input--label asterisk-right\"><label for='ff_4_code_postal' id='label_ff_4_code_postal' aria-label=\"Postcode\">Postcode<\/label><\/div><div class='ff-el-input--content'><input type=\"text\" name=\"code_postal\" class=\"ff-el-form-control\" data-name=\"code_postal\" id=\"ff_4_code_postal\"  aria-invalid=\"false\" aria-required=\"false\"><\/div><\/div><\/div><div class='ff-t-cell ff-t-column-2' style='flex-basis: 50%;'><div class='ff-el-group'><div class=\"ff-el-input--label asterisk-right\"><label for='ff_4_ville' id='label_ff_4_ville' aria-label=\"City\">City<\/label><\/div><div class='ff-el-input--content'><input type=\"text\" name=\"ville\" class=\"ff-el-form-control\" data-name=\"ville\" id=\"ff_4_ville\"  aria-invalid=\"false\" aria-required=\"false\"><\/div><\/div><\/div><\/div><div data-name=\"ff_cn_id_5\"  class='ff-t-container ff-column-container ff_columns_total_1'><div class='ff-t-cell ff-t-column-1' style='flex-basis: 100%;'><div class='ff-el-group'><div class=\"ff-el-input--label ff-el-is-required asterisk-right\"><label for='ff_4_message' id='label_ff_4_message' aria-label=\"Message\">Message<\/label><\/div><div class='ff-el-input--content'><textarea aria-required=\"true\" aria-labelledby=\"label_ff_4_message\" name=\"message\" id=\"ff_4_message\" class=\"ff-el-form-control\" rows=\"3\" cols=\"2\" data-name=\"message\" ><\/textarea><\/div><\/div><\/div><\/div><div class='ff-el-group'><div class=\"ff-el-input--label ff-el-is-required asterisk-right\"><label   aria-label=\"By submitting this form, I agree that the information entered may be used for the purposes of the information request and the commercial relationship that may result from it.\">By submitting this form, I agree that the information entered may be used for the purposes of the information request and the commercial relationship that may result from it.<\/label><\/div><div class='ff-el-input--content'><div class='ff-el-form-check ff-el-form-check-'><label class='ff-el-form-check-label' for='checkbox_22ddb9a54e3959449b88b987d1341f88'><input  type=\"checkbox\" name=\"checkbox[]\" data-name=\"checkbox\" class=\"ff-el-form-check-input ff-el-form-check-checkbox\" value=\"J&#039;accepte\"  id='checkbox_22ddb9a54e3959449b88b987d1341f88' aria-label='I accept' aria-invalid='false' aria-required=\"true\"> <span>I accept<\/span><\/label><\/div><\/div><\/div><div class='ff-el-group ff-text-center ff_submit_btn_wrapper'><button type=\"submit\" class=\"ff-btn ff-btn-submit ff-btn-md ff_btn_style\"  aria-label=\"Send\">Send<\/button><\/div><\/fieldset><input type=\"hidden\" name=\"trp-form-language\" value=\"en\"\/><\/form><div id='fluentform_4_errors' class='ff-errors-in-stack ff_form_instance_4_1 ff-form-loading_errors ff_form_instance_4_1_errors'><\/div><\/div>            <script type=\"text\/javascript\">\n                window.fluent_form_ff_form_instance_4_1 = {\"id\":\"4\",\"ajaxUrl\":\"https:\\\/\\\/domaine-saint-michel.com\\\/wp-admin\\\/admin-ajax.php\",\"settings\":{\"layout\":{\"labelPlacement\":\"top\",\"helpMessagePlacement\":\"with_label\",\"errorMessagePlacement\":\"inline\",\"cssClassName\":\"\",\"asteriskPlacement\":\"asterisk-right\"},\"restrictions\":{\"denyEmptySubmission\":{\"enabled\":false}}},\"form_instance\":\"ff_form_instance_4_1\",\"form_id_selector\":\"fluentform_4\",\"rules\":{\"nom\":{\"required\":{\"value\":true,\"message\":\"This field is required\",\"global_message\":\"Ce champ est obligatoire\",\"global\":true}},\"prenom\":{\"required\":{\"value\":false,\"message\":\"This field is required\",\"global_message\":\"Ce champ est obligatoire\",\"global\":true}},\"email\":{\"required\":{\"value\":true,\"message\":\"This field is required\",\"global_message\":\"Ce champ est obligatoire\",\"global\":true},\"email\":{\"value\":true,\"message\":\"This field must contain a valid email\",\"global_message\":\"Ce champ doit contenir un e-mail valide\",\"global\":true}},\"phone\":{\"required\":{\"value\":false,\"message\":\"This field is required\",\"global_message\":\"Ce champ est obligatoire\",\"global\":true}},\"adresse\":{\"required\":{\"value\":false,\"message\":\"This field is required\",\"global_message\":\"Ce champ est obligatoire\",\"global\":true}},\"code_postal\":{\"required\":{\"value\":false,\"message\":\"This field is required\",\"global_message\":\"Ce champ est obligatoire\",\"global\":true}},\"ville\":{\"required\":{\"value\":false,\"message\":\"This field is required\",\"global_message\":\"Ce champ est obligatoire\",\"global\":true}},\"message\":{\"required\":{\"value\":true,\"message\":\"This field is required\",\"global_message\":\"Ce champ est obligatoire\",\"global\":true}},\"checkbox\":{\"required\":{\"value\":true,\"message\":\"This field is required\",\"global_message\":\"Ce champ est obligatoire\",\"global\":true}},\"g-recaptcha-response\":[]},\"debounce_time\":300};\n                            <\/script>\n            <\/p>\n<\/div><\/div><\/div>\n<\/div><\/div>\n\n\n\n<div class=\"wp-block-stackable-columns alignfull stk-block-columns stk-block stk-8dc26c7\" data-block-id=\"8dc26c7\"><div class=\"stk-row stk-inner-blocks stk-block-content stk-content-align stk-8dc26c7-column alignfull\">\n<div class=\"wp-block-stackable-column stk-block-column stk-column stk-block stk-e1a5b56\" data-v=\"4\" data-block-id=\"e1a5b56\"><div class=\"stk-column-wrapper stk-block-column__content stk-container stk-e1a5b56-container stk--no-background stk--no-padding\"><div class=\"stk-block-content stk-inner-blocks stk-e1a5b56-inner-blocks\">\n<div class=\"wp-block-stackable-map stk-block-map stk-block stk-e73f66a\" data-block-id=\"e73f66a\"><style>.stk-e73f66a .stk-block-map__canvas, .stk-e73f66a iframe{height:409px !important;}<\/style><iframe\n\t\t\t\t\t\ttitle=\"Embedded content from Google Maps Platform.\"\n\t\t\t\t\t\tsrc=\"https:\/\/maps.google.com\/maps?q=Domaine Saint Michel 10 AVENUE DE TOUTEVOIE  60270 GOUVIEUX&#038;t=&#038;z=11&#038;ie=UTF8&#038;output=embed\"\n\t\t\t\t\t\tstyle=\"border:0;width:100%;max-width:none;max-height:none;height:100%;\"\n\t\t\t\t\t\taria-hidden=\"false\"\n\t\t\t\t\t\ttabindex=\"0\"\n\t\t\t\t\t\tallowfullscreen\n\t\t\t\t\t\tloading=\"lazy\"\n\t\t\t\t\t\tframeborder=\"0\"\n\t\t\t\t\t><\/iframe><\/div>\n<\/div><\/div><\/div>\n<\/div><\/div>","protected":false},"excerpt":{"rendered":"<p>Contactez-nous Domaine Saint Michel10 AVENUE DE TOUTEVOIE 60270 GOUVIEUX contact@domainesaintmichel-chantilly.fr R\u00e9servez 03 44 57 02 05 06 52 56 98 86<\/p>","protected":false},"author":1,"featured_media":63,"parent":0,"menu_order":0,"comment_status":"closed","ping_status":"closed","template":"","meta":{"_acf_changed":false,"_seopress_robots_primary_cat":"","_seopress_titles_title":"Acc\u00e8s & Contact - Camping Domaine Saint Michel","_seopress_titles_desc":"D\u00e9couvrez le Domaine Saint Michel - Domaine situ\u00e9 pr\u00e8s de Chantilly dans l'Oise. Profitez de la douceur de vivre et devenez propri\u00e9taires.","_seopress_robots_index":"","_vp_format_video_url":"","_vp_image_focal_point":[],"footnotes":""},"class_list":["post-229","page","type-page","status-publish","has-post-thumbnail","hentry"],"acf":[],"_links":{"self":[{"href":"https:\/\/domaine-saint-michel.com\/en\/wp-json\/wp\/v2\/pages\/229","targetHints":{"allow":["GET"]}}],"collection":[{"href":"https:\/\/domaine-saint-michel.com\/en\/wp-json\/wp\/v2\/pages"}],"about":[{"href":"https:\/\/domaine-saint-michel.com\/en\/wp-json\/wp\/v2\/types\/page"}],"author":[{"embeddable":true,"href":"https:\/\/domaine-saint-michel.com\/en\/wp-json\/wp\/v2\/users\/1"}],"replies":[{"embeddable":true,"href":"https:\/\/domaine-saint-michel.com\/en\/wp-json\/wp\/v2\/comments?post=229"}],"version-history":[{"count":9,"href":"https:\/\/domaine-saint-michel.com\/en\/wp-json\/wp\/v2\/pages\/229\/revisions"}],"predecessor-version":[{"id":1121,"href":"https:\/\/domaine-saint-michel.com\/en\/wp-json\/wp\/v2\/pages\/229\/revisions\/1121"}],"wp:featuredmedia":[{"embeddable":true,"href":"https:\/\/domaine-saint-michel.com\/en\/wp-json\/wp\/v2\/media\/63"}],"wp:attachment":[{"href":"https:\/\/domaine-saint-michel.com\/en\/wp-json\/wp\/v2\/media?parent=229"}],"curies":[{"name":"wp","href":"https:\/\/api.w.org\/{rel}","templated":true}]}}