{"id":359,"date":"2025-02-07T11:41:00","date_gmt":"2025-02-07T10:41:00","guid":{"rendered":"https:\/\/domaine-saint-michel.com\/?page_id=359"},"modified":"2025-04-01T14:15:31","modified_gmt":"2025-04-01T12:15:31","slug":"oise-markets","status":"publish","type":"page","link":"https:\/\/domaine-saint-michel.com\/en\/marches-oise\/","title":{"rendered":"Markets around Chantilly"},"content":{"rendered":"<div class=\"wp-block-stackable-columns alignfull stk-block-columns stk-block stk-6cff31a stk-block-background\" data-block-id=\"6cff31a\"><style>.stk-6cff31a .stk--block-align-6cff31a{align-items:center !important;}.stk-6cff31a {background-color:var(--stk-global-color-53333, #4a4a2e) !important;padding-top:0px !important;padding-bottom:0px !important;margin-bottom:60px !important;}.stk-6cff31a:before{background-color:var(--stk-global-color-53333, #4a4a2e) !important;}.stk-6cff31a-column{--stk-column-gap:30px !important;}<\/style><div class=\"stk-row stk-inner-blocks stk--block-align-6cff31a stk-block-content stk-content-align stk-6cff31a-column alignfull\">\n<div class=\"wp-block-stackable-column stk-block-column stk-column stk-block stk-e337e03\" data-v=\"4\" data-block-id=\"e337e03\"><div class=\"stk-column-wrapper stk-block-column__content stk-container stk-e337e03-container stk--no-background stk--no-padding\"><div class=\"stk-block-content stk-inner-blocks stk-e337e03-inner-blocks\">\n<div class=\"wp-block-stackable-image stk-block-image stk-block stk-dfa36f9\" data-block-id=\"dfa36f9\"><style>.stk-dfa36f9 {padding-top:0px !important;padding-right:0px !important;padding-bottom:0px !important;padding-left:0px !important;margin-top:-12px !important;margin-bottom:-12px !important;}.stk-dfa36f9 .stk-img-wrapper{width:100% !important;height:600px !important;}@media screen and (max-width: 767px){.stk-dfa36f9 .stk-img-wrapper{height:200px !important;}}<\/style><figure><span class=\"stk-img-wrapper stk-image--shape-stretch\"><img loading=\"lazy\" decoding=\"async\" class=\"stk-img wp-image-363\" src=\"https:\/\/domaine-saint-michel.com\/wp-content\/uploads\/2025\/02\/markets-821843_1280.jpg\" width=\"1280\" height=\"871\" alt=\"markets around the campsite and near chantilly\" srcset=\"https:\/\/domaine-saint-michel.com\/wp-content\/uploads\/2025\/02\/markets-821843_1280.jpg 1280w, https:\/\/domaine-saint-michel.com\/wp-content\/uploads\/2025\/02\/markets-821843_1280-300x204.jpg 300w, https:\/\/domaine-saint-michel.com\/wp-content\/uploads\/2025\/02\/markets-821843_1280-1024x697.jpg 1024w, https:\/\/domaine-saint-michel.com\/wp-content\/uploads\/2025\/02\/markets-821843_1280-768x523.jpg 768w, https:\/\/domaine-saint-michel.com\/wp-content\/uploads\/2025\/02\/markets-821843_1280-500x340.jpg 500w, https:\/\/domaine-saint-michel.com\/wp-content\/uploads\/2025\/02\/markets-821843_1280-800x544.jpg 800w\" sizes=\"auto, (max-width: 1280px) 100vw, 1280px\" \/><\/span><\/figure><\/div>\n<\/div><\/div><\/div>\n\n\n\n<div class=\"wp-block-stackable-column stk-block-column stk-column stk-block stk-f5ebddb\" data-v=\"4\" data-block-id=\"f5ebddb\"><div class=\"stk-column-wrapper stk-block-column__content stk-container stk-f5ebddb-container stk--no-background stk--no-padding\"><div class=\"stk-block-content stk-inner-blocks stk-f5ebddb-inner-blocks\">\n<div class=\"wp-block-stackable-heading stk-block-heading stk-block-heading--v2 stk-block stk-cddb52d\" id=\"les-marches-de-chantilly-une-experience-gourmande-authentique\" data-block-id=\"cddb52d\"><style>.stk-cddb52d .stk-block-heading__text{color:var(--stk-global-color-39619, #f7e1d4) !important;}<\/style><h2 class=\"stk-block-heading__text has-text-color\">The Chantilly Markets: an authentic gourmet experience<\/h2><\/div>\n\n\n\n<div class=\"wp-block-stackable-heading stk-block-heading stk-block-heading--v2 stk-block stk-e6a6f66\" id=\"span-style-color-var-stk-global-color-39619-f-7-e-1-d-4-background-linear-gradient-to-bottom-transparent-50-8-c-5-c-4663-50-class-stk-highlight-marche-hebdomadaire-de-chantilly-span\" data-block-id=\"e6a6f66\"><style>.stk-e6a6f66 .stk-block-heading__text{color:var(--stk-global-color-39619, #f7e1d4) !important;font-family:\"Birthstone\", Sans-serif !important;}<\/style><h2 class=\"stk-block-heading__text has-text-color\"><span style=\"color: var(--stk-global-color-39619, #f7e1d4);background: linear-gradient(to bottom, transparent 50%, #8c5c4663 50%)\" class=\"stk-highlight\">Chantilly weekly market<\/span><\/h2><\/div>\n\n\n\n<div class=\"wp-block-stackable-text stk-block-text stk-block stk-6102715\" data-block-id=\"6102715\"><style>.stk-6102715 .stk-block-text__text{font-size:0.7em !important;}@media screen and (max-width: 1023px){.stk-6102715 .stk-block-text__text{font-size:0.7em !important;}}@media screen and (max-width: 767px){.stk-6102715 .stk-block-text__text{font-size:0.89rem !important;}}<\/style><p class=\"stk-block-text__text\">Place: Place Omer Vallon Days: Wednesday and Saturday Times: 8am to 12pm<\/p><\/div>\n\n\n\n<div class=\"wp-block-stackable-text stk-block-text stk-block stk-8463a64\" data-block-id=\"8463a64\"><style>.stk-8463a64 .stk-block-text__text{font-size:0.7em !important;}@media screen and (max-width: 1023px){.stk-8463a64 .stk-block-text__text{font-size:0.7em !important;}}@media screen and (max-width: 767px){.stk-8463a64 .stk-block-text__text{font-size:0.8rem !important;}}<\/style><p class=\"stk-block-text__text\">What you'll find<br>A local market full of fresh, quality produce:<\/p><\/div>\n\n\n\n<div class=\"wp-block-stackable-icon-list stk-block-icon-list stk-block stk-8f45d63\" data-block-id=\"8f45d63\"><style>.stk-8f45d63 {--stk-icon-list-marker-color:var(--stk-global-color-39619, #f7e1d4) !important;--stk-icon-height:11px !important;}.stk-8f45d63 ul li, .stk-8f45d63 ol li, .stk-8f45d63 ul li span, .stk-8f45d63 ol li span{font-size:0.7em !important;}@media screen and (max-width: 1023px){.stk-8f45d63 ul li, .stk-8f45d63 ol li, .stk-8f45d63 ul li span, .stk-8f45d63 ol li span{font-size:0.7em !important;}}<\/style><svg style=\"display:none\"><defs><g id=\"stk-icon-list__icon-svg-def-8f45d63\"><svg xmlns=\"http:\/\/www.w3.org\/2000\/svg\" viewbox=\"0 0 512 512\"><path d=\"M222.7 32.1c5 16.9-4.6 34.8-21.5 39.8C121.8 95.6 64 169.1 64 256c0 106 86 192 192 192s192-86 192-192c0-86.9-57.8-160.4-137.1-184.1c-16.9-5-26.6-22.9-21.5-39.8s22.9-26.6 39.8-21.5C434.9 42.1 512 140 512 256c0 141.4-114.6 256-256 256S0 397.4 0 256C0 140 77.1 42.1 182.9 10.6c16.9-5 34.8 4.6 39.8 21.5z\"\/><\/svg><\/g><\/defs><\/svg><ul class=\"stk-block-icon-list__ul stk-block-icon-list--column\">\n<li class=\"wp-block-stackable-icon-list-item stk-block-icon-list-item stk-block stk-83531e6\" data-block-id=\"83531e6\"><div class=\"stk-block-icon-list-item__content\"><span class=\"stk--svg-wrapper\"><div class=\"stk--inner-svg\"><svg aria-hidden=\"true\" width=\"32\" height=\"32\"><use xlink:href=\"#stk-icon-list__icon-svg-def-8f45d63\"><\/use><\/svg><\/div><\/span><span class=\"stk-block-icon-list-item__text\">Fruit and vegetables in season<\/span><\/div><\/li>\n\n\n\n<li class=\"wp-block-stackable-icon-list-item stk-block-icon-list-item stk-block stk-ecce44c\" data-block-id=\"ecce44c\"><div class=\"stk-block-icon-list-item__content\"><span class=\"stk--svg-wrapper\"><div class=\"stk--inner-svg\"><svg aria-hidden=\"true\" width=\"32\" height=\"32\"><use xlink:href=\"#stk-icon-list__icon-svg-def-8f45d63\"><\/use><\/svg><\/div><\/span><span class=\"stk-block-icon-list-item__text\">Local market garden produce<\/span><\/div><\/li>\n\n\n\n<li class=\"wp-block-stackable-icon-list-item stk-block-icon-list-item stk-block stk-bd28e50\" data-block-id=\"bd28e50\"><div class=\"stk-block-icon-list-item__content\"><span class=\"stk--svg-wrapper\"><div class=\"stk--inner-svg\"><svg aria-hidden=\"true\" width=\"32\" height=\"32\"><use xlink:href=\"#stk-icon-list__icon-svg-def-8f45d63\"><\/use><\/svg><\/div><\/span><span class=\"stk-block-icon-list-item__text\">Traditional meats and charcuterie<\/span><\/div><\/li>\n\n\n\n<li class=\"wp-block-stackable-icon-list-item stk-block-icon-list-item stk-block stk-e269b2f\" data-block-id=\"e269b2f\"><div class=\"stk-block-icon-list-item__content\"><span class=\"stk--svg-wrapper\"><div class=\"stk--inner-svg\"><svg aria-hidden=\"true\" width=\"32\" height=\"32\"><use xlink:href=\"#stk-icon-list__icon-svg-def-8f45d63\"><\/use><\/svg><\/div><\/span><span class=\"stk-block-icon-list-item__text\">Cheese and dairy products<\/span><\/div><\/li>\n\n\n\n<li class=\"wp-block-stackable-icon-list-item stk-block-icon-list-item stk-block stk-2eddfa7\" data-block-id=\"2eddfa7\"><div class=\"stk-block-icon-list-item__content\"><span class=\"stk--svg-wrapper\"><div class=\"stk--inner-svg\"><svg aria-hidden=\"true\" width=\"32\" height=\"32\"><use xlink:href=\"#stk-icon-list__icon-svg-def-8f45d63\"><\/use><\/svg><\/div><\/span><span class=\"stk-block-icon-list-item__text\">Craft products<\/span><\/div><\/li>\n<\/ul><\/div>\n<\/div><\/div><\/div>\n<\/div><\/div>\n\n\n\n<div class=\"wp-block-stackable-columns alignfull stk-block-columns stk-block stk-2bdf4a8\" data-block-id=\"2bdf4a8\"><style>.stk-2bdf4a8 {margin-top:-240px !important;margin-bottom:0px !important;z-index:1 !important;}.stk-2bdf4a8-column{justify-content:flex-end !important;}@media screen and (max-width: 767px){.stk-2bdf4a8 {margin-top:-156px !important;}}<\/style><div class=\"stk-row stk-inner-blocks stk-block-content stk-content-align stk-2bdf4a8-column stk--flex alignfull\">\n<div class=\"wp-block-stackable-column stk-block-column stk-column stk-block stk-a71bc91\" data-v=\"4\" data-block-id=\"a71bc91\"><div class=\"stk-column-wrapper stk-block-column__content stk-container stk-a71bc91-container stk--no-background stk--no-padding\"><div class=\"stk-block-content stk-inner-blocks stk-a71bc91-inner-blocks\">\n<div class=\"wp-block-stackable-image stk-block-image has-text-align-right stk-block stk-495c6bf\" data-block-id=\"495c6bf\"><style>.stk-495c6bf {margin-right:-70px !important;}.stk-495c6bf .stk-img-wrapper{width:400px !important;}.stk-495c6bf .stk-img-wrapper img{filter:opacity(0.5) !important;}@media screen and (max-width: 767px){.stk-495c6bf .stk-img-wrapper{width:200px !important;}}<\/style><figure><span class=\"stk-img-wrapper stk-image--shape-stretch\"><img loading=\"lazy\" decoding=\"async\" class=\"stk-img wp-image-280\" src=\"https:\/\/domaine-saint-michel.com\/wp-content\/uploads\/2025\/02\/branche.png\" width=\"1000\" height=\"887\" alt=\"domaine saint michel branch\" srcset=\"https:\/\/domaine-saint-michel.com\/wp-content\/uploads\/2025\/02\/branche.png 1000w, https:\/\/domaine-saint-michel.com\/wp-content\/uploads\/2025\/02\/branche-300x266.png 300w, https:\/\/domaine-saint-michel.com\/wp-content\/uploads\/2025\/02\/branche-768x681.png 768w, https:\/\/domaine-saint-michel.com\/wp-content\/uploads\/2025\/02\/branche-500x444.png 500w, https:\/\/domaine-saint-michel.com\/wp-content\/uploads\/2025\/02\/branche-800x710.png 800w\" sizes=\"auto, (max-width: 1000px) 100vw, 1000px\" \/><\/span><\/figure><\/div>\n<\/div><\/div><\/div>\n<\/div><\/div>\n\n\n\n<div class=\"wp-block-stackable-columns alignwide stk-block-columns stk-block stk-2234b8e\" data-block-id=\"2234b8e\"><style>.stk-2234b8e .stk--block-align-2234b8e{align-items:center !important;}.stk-2234b8e {align-items:center !important;margin-top:-137px !important;margin-bottom:50px !important;display:flex !important;}@media screen and (max-width: 767px){.stk-2234b8e {margin-top:0px !important;}}<\/style><div class=\"stk-row stk-inner-blocks stk--block-align-2234b8e stk-block-content stk-content-align stk-2234b8e-column alignwide\">\n<div class=\"wp-block-stackable-column stk-block-column stk-column stk-block stk-bf3181d\" data-v=\"4\" data-block-id=\"bf3181d\"><style>@media screen and (max-width: 767px){.stk-bf3181d {padding-right:15px !important;padding-left:15px !important;}}<\/style><div class=\"stk-column-wrapper stk-block-column__content stk-container stk-bf3181d-container stk--no-background stk--no-padding\"><div class=\"stk-block-content stk-inner-blocks stk-bf3181d-inner-blocks\">\n<div class=\"wp-block-stackable-heading stk-block-heading stk-block-heading--v2 stk-block stk-de1486d\" id=\"span-style-color-var-stk-global-color-39619-f-7-e-1-d-4-background-linear-gradient-to-bottom-transparent-50-8-c-5-c-4663-50-class-stk-highlight-marches-des-environs-span\" data-block-id=\"de1486d\"><style>.stk-de1486d .stk-block-heading__text{color:var(--stk-global-color-39619, #f7e1d4) !important;font-family:\"Birthstone\", Sans-serif !important;}<\/style><h2 class=\"stk-block-heading__text has-text-color\"><span style=\"color: var(--stk-global-color-39619, #f7e1d4);background: linear-gradient(to bottom, transparent 50%, #8c5c4663 50%)\" class=\"stk-highlight\">Local markets<\/span><\/h2><\/div>\n\n\n\n<div class=\"wp-block-stackable-text stk-block-text stk-block stk-79fe5b1\" data-block-id=\"79fe5b1\"><style>.stk-79fe5b1 .stk-block-text__text{font-size:0.7em !important;}@media screen and (max-width: 1023px){.stk-79fe5b1 .stk-block-text__text{font-size:0.7em !important;}}@media screen and (max-width: 767px){.stk-79fe5b1 .stk-block-text__text{font-size:0.8rem !important;}}<\/style><p class=\"stk-block-text__text\"><strong><em>Lamorlaye<br><\/em><\/strong>Day : Saturday morning Times: 8am to 1pm Location: City centre<\/p><\/div>\n\n\n\n<div class=\"wp-block-stackable-text stk-block-text stk-block stk-9e4bc16\" data-block-id=\"9e4bc16\"><style>.stk-9e4bc16 .stk-block-text__text{font-size:0.7em !important;}@media screen and (max-width: 1023px){.stk-9e4bc16 .stk-block-text__text{font-size:0.7em !important;}}@media screen and (max-width: 767px){.stk-9e4bc16 .stk-block-text__text{font-size:0.8rem !important;}}<\/style><p class=\"stk-block-text__text\"><strong><em>Gouvieux&nbsp;<br><\/em><\/strong>Days: Thursday and Sunday Times: 8am to 1pm<br>Place: Place Amic<\/p><\/div>\n\n\n\n<div class=\"wp-block-stackable-text stk-block-text stk-block stk-fe58e47\" data-block-id=\"fe58e47\"><style>.stk-fe58e47 .stk-block-text__text{font-size:0.7em !important;}@media screen and (max-width: 1023px){.stk-fe58e47 .stk-block-text__text{font-size:0.7em !important;}}@media screen and (max-width: 767px){.stk-fe58e47 .stk-block-text__text{font-size:0.8rem !important;}}<\/style><p class=\"stk-block-text__text\"><strong><em>Senlis<br><\/em><\/strong>Days: Tuesday and Friday Times: 8am to 12pm<br>Location: Place de la Halle and Place Henri IV<\/p><\/div>\n\n\n\n<div class=\"wp-block-stackable-text stk-block-text stk-block stk-1082098\" data-block-id=\"1082098\"><style>.stk-1082098 .stk-block-text__text{font-size:0.7em !important;}@media screen and (max-width: 1023px){.stk-1082098 .stk-block-text__text{font-size:0.7em !important;}}@media screen and (max-width: 767px){.stk-1082098 .stk-block-text__text{font-size:0.8rem !important;}}<\/style><p class=\"stk-block-text__text\">Come and discover the authenticity and richness of local produce at these gourmet events!<\/p><\/div>\n<\/div><\/div><\/div>\n\n\n\n<div class=\"wp-block-stackable-column stk-block-column stk-column stk-block stk-a5d4b65\" data-v=\"4\" data-block-id=\"a5d4b65\"><style>.stk-a5d4b65 {margin-right:-60px !important;}.stk-a5d4b65-container{padding-top:0px !important;padding-right:0px !important;padding-bottom:0px !important;padding-left:0px !important;}<\/style><div class=\"stk-column-wrapper stk-block-column__content stk-container stk-a5d4b65-container stk--no-background stk--no-padding\"><div class=\"stk-block-content stk-inner-blocks stk-a5d4b65-inner-blocks\">\n<div class=\"wp-block-stackable-columns stk-block-columns stk-block stk-0e4fad4\" data-block-id=\"0e4fad4\"><div class=\"stk-row stk-inner-blocks stk-block-content stk-content-align stk-0e4fad4-column\">\n<div class=\"wp-block-stackable-column stk-block-column stk-column stk-block stk-eb9c398 stk-entrance\" data-v=\"4\" data-block-id=\"eb9c398\"><style>.stk-eb9c398 {--entrance-transform:translateY(-96px) !important;}<\/style><div class=\"stk-column-wrapper stk-block-column__content stk-container stk-eb9c398-container stk--no-background stk--no-padding\"><div class=\"stk-block-content stk-inner-blocks stk-eb9c398-inner-blocks\">\n<div class=\"wp-block-stackable-image stk-block-image stk-block stk-99c650b stk-block-background stk--has-background-overlay\" data-block-id=\"99c650b\"><style>.stk-99c650b {background-image:url(https:\/\/domaine-saint-michel.com\/wp-content\/uploads\/2025\/02\/will-fqkrXYMosT4-unsplash-Personnalise.jpg) !important;border-top-left-radius:30px !important;border-top-right-radius:30px !important;border-bottom-right-radius:30px !important;border-bottom-left-radius:30px !important;overflow:hidden !important;box-shadow:-2px -2px 6px 0px #00000054 !important;}.stk-99c650b .stk-img-wrapper{width:100% !important;height:400px !important;filter:drop-shadow(-2px -2px 6px #00000054) !important;}.stk-99c650b .stk-img-wrapper img{object-position:63% 59% !important;}@media screen and (max-width: 767px){.stk-99c650b .stk-img-wrapper{height:200px !important;}}<\/style><style class=\"stk-custom-css\">.stk-99c650b.stk-block-image img{visibility:hidden !important}<\/style><figure><span class=\"stk-img-wrapper stk-image--shape-stretch stk--shadow--2px -2px 6px #00000054\"><img loading=\"lazy\" decoding=\"async\" class=\"stk-img wp-image-364\" src=\"https:\/\/domaine-saint-michel.com\/wp-content\/uploads\/2025\/02\/will-fqkrXYMosT4-unsplash-Personnalise.jpg\" width=\"1000\" height=\"1000\" alt=\"markets around the campsite and near chantilly\" srcset=\"https:\/\/domaine-saint-michel.com\/wp-content\/uploads\/2025\/02\/will-fqkrXYMosT4-unsplash-Personnalise.jpg 1000w, https:\/\/domaine-saint-michel.com\/wp-content\/uploads\/2025\/02\/will-fqkrXYMosT4-unsplash-Personnalise-300x300.jpg 300w, https:\/\/domaine-saint-michel.com\/wp-content\/uploads\/2025\/02\/will-fqkrXYMosT4-unsplash-Personnalise-150x150.jpg 150w, https:\/\/domaine-saint-michel.com\/wp-content\/uploads\/2025\/02\/will-fqkrXYMosT4-unsplash-Personnalise-768x768.jpg 768w, https:\/\/domaine-saint-michel.com\/wp-content\/uploads\/2025\/02\/will-fqkrXYMosT4-unsplash-Personnalise-500x500.jpg 500w, https:\/\/domaine-saint-michel.com\/wp-content\/uploads\/2025\/02\/will-fqkrXYMosT4-unsplash-Personnalise-800x800.jpg 800w\" sizes=\"auto, (max-width: 1000px) 100vw, 1000px\" \/><\/span><\/figure><\/div>\n<\/div><\/div><\/div>\n\n\n\n<div class=\"wp-block-stackable-column stk-block-column stk-column stk-block stk-50c7ac7 stk-entrance\" data-v=\"4\" data-block-id=\"50c7ac7\"><style>.stk-50c7ac7 {--entrance-transform:translateY(103px) !important;}<\/style><div class=\"stk-column-wrapper stk-block-column__content stk-container stk-50c7ac7-container stk--no-background stk--no-padding\"><div class=\"stk-block-content stk-inner-blocks stk-50c7ac7-inner-blocks\">\n<div class=\"wp-block-stackable-image stk-block-image stk-block stk-e3b0ea1 stk-block-background stk--has-background-overlay\" data-block-id=\"e3b0ea1\"><style>.stk-e3b0ea1 {background-image:url(https:\/\/domaine-saint-michel.com\/wp-content\/uploads\/2025\/02\/market-4077579_1280.jpg) !important;border-top-left-radius:30px !important;border-top-right-radius:30px !important;border-bottom-right-radius:30px !important;border-bottom-left-radius:30px !important;overflow:hidden !important;border-style:solid !important;border-color:var(--stk-global-color-13391, #291c16) !important;border-top-width:15px !important;border-right-width:0px !important;border-bottom-width:15px !important;border-left-width:15px !important;margin-top:65px !important;margin-bottom:0px !important;margin-left:-56px !important;}.stk-e3b0ea1 .stk-img-wrapper{width:100% !important;height:400px !important;filter:drop-shadow(-2px -2px 6px #00000054) !important;}.stk-e3b0ea1 .stk-img-wrapper img{object-position:45% 38% !important;}@media screen and (max-width: 767px){.stk-e3b0ea1 {margin-top:0px !important;margin-left:0px !important;}.stk-e3b0ea1 .stk-img-wrapper{height:200px !important;}}<\/style><style class=\"stk-custom-css\">.stk-e3b0ea1.stk-block-image img{visibility:hidden !important}<\/style><figure><span class=\"stk-img-wrapper stk-image--shape-stretch stk--shadow--2px -2px 6px #00000054\"><img loading=\"lazy\" decoding=\"async\" class=\"stk-img wp-image-365\" src=\"https:\/\/domaine-saint-michel.com\/wp-content\/uploads\/2025\/02\/market-4077579_1280.jpg\" width=\"1280\" height=\"852\" alt=\"markets around the campsite and near chantilly\" srcset=\"https:\/\/domaine-saint-michel.com\/wp-content\/uploads\/2025\/02\/market-4077579_1280.jpg 1280w, https:\/\/domaine-saint-michel.com\/wp-content\/uploads\/2025\/02\/market-4077579_1280-300x200.jpg 300w, https:\/\/domaine-saint-michel.com\/wp-content\/uploads\/2025\/02\/market-4077579_1280-1024x682.jpg 1024w, https:\/\/domaine-saint-michel.com\/wp-content\/uploads\/2025\/02\/market-4077579_1280-768x511.jpg 768w, https:\/\/domaine-saint-michel.com\/wp-content\/uploads\/2025\/02\/market-4077579_1280-500x333.jpg 500w, https:\/\/domaine-saint-michel.com\/wp-content\/uploads\/2025\/02\/market-4077579_1280-800x533.jpg 800w\" sizes=\"auto, (max-width: 1280px) 100vw, 1280px\" \/><\/span><\/figure><\/div>\n<\/div><\/div><\/div>\n<\/div><\/div>\n<\/div><\/div><\/div>\n<\/div><\/div>","protected":false},"excerpt":{"rendered":"<p>Les March\u00e9s de Chantilly : Une exp\u00e9rience gourmande authentique March\u00e9 hebdomadaire de Chantilly Lieu : Place Omer Vallon Jours : Mercredi et samedi Horaires : 8h \u00e0 12h Ce que vous y trouverezUn march\u00e9 local riche en produits frais et de qualit\u00e9 : March\u00e9s des environs LamorlayeJour : Samedi matin Horaires : 8h \u00e0 13h [&hellip;]<\/p>\n","protected":false},"author":1,"featured_media":259,"parent":0,"menu_order":0,"comment_status":"closed","ping_status":"closed","template":"","meta":{"_acf_changed":false,"_seopress_robots_primary_cat":"","_seopress_titles_title":"Les march\u00e9s autour de Chantilly - Domaine Saint Michel","_seopress_titles_desc":"Les march\u00e9s pr\u00e8s de Chantilly et du Domaine Saint Michel. Faites le plein de produits locaux. Louez votre mobil home pr\u00e8s de Chantilly.","_seopress_robots_index":"","_vp_format_video_url":"","_vp_image_focal_point":[],"footnotes":""},"class_list":["post-359","page","type-page","status-publish","has-post-thumbnail","hentry"],"acf":[],"_links":{"self":[{"href":"https:\/\/domaine-saint-michel.com\/en\/wp-json\/wp\/v2\/pages\/359","targetHints":{"allow":["GET"]}}],"collection":[{"href":"https:\/\/domaine-saint-michel.com\/en\/wp-json\/wp\/v2\/pages"}],"about":[{"href":"https:\/\/domaine-saint-michel.com\/en\/wp-json\/wp\/v2\/types\/page"}],"author":[{"embeddable":true,"href":"https:\/\/domaine-saint-michel.com\/en\/wp-json\/wp\/v2\/users\/1"}],"replies":[{"embeddable":true,"href":"https:\/\/domaine-saint-michel.com\/en\/wp-json\/wp\/v2\/comments?post=359"}],"version-history":[{"count":5,"href":"https:\/\/domaine-saint-michel.com\/en\/wp-json\/wp\/v2\/pages\/359\/revisions"}],"predecessor-version":[{"id":954,"href":"https:\/\/domaine-saint-michel.com\/en\/wp-json\/wp\/v2\/pages\/359\/revisions\/954"}],"wp:featuredmedia":[{"embeddable":true,"href":"https:\/\/domaine-saint-michel.com\/en\/wp-json\/wp\/v2\/media\/259"}],"wp:attachment":[{"href":"https:\/\/domaine-saint-michel.com\/en\/wp-json\/wp\/v2\/media?parent=359"}],"curies":[{"name":"wp","href":"https:\/\/api.w.org\/{rel}","templated":true}]}}