{"id":393,"date":"2025-02-07T12:23:19","date_gmt":"2025-02-07T11:23:19","guid":{"rendered":"https:\/\/domaine-saint-michel.com\/?page_id=393"},"modified":"2025-04-01T11:29:49","modified_gmt":"2025-04-01T09:29:49","slug":"nature-rating","status":"publish","type":"page","link":"https:\/\/domaine-saint-michel.com\/en\/cote-nature\/","title":{"rendered":"Nature"},"content":{"rendered":"<div class=\"wp-block-stackable-columns alignfull stk-block-columns stk-block stk-4349a51\" data-block-id=\"4349a51\"><div class=\"stk-row stk-inner-blocks stk-block-content stk-content-align stk-4349a51-column alignwide\">\n<div class=\"wp-block-stackable-column stk-block-column stk-column stk-block stk-f463f85\" data-v=\"4\" data-block-id=\"f463f85\"><div class=\"stk-column-wrapper stk-block-column__content stk-container stk-f463f85-container stk--no-background stk--no-padding\"><div class=\"stk-block-content stk-inner-blocks stk-f463f85-inner-blocks\">\n<div class=\"wp-block-stackable-image-box stk-block-image-box stk-hover-parent stk-block stk-5e038de is-style-default\" data-block-id=\"5e038de\"><div class=\"stk-block-content stk-inner-blocks has-text-align-center stk-row stk-block-image-box__content\">\n<div class=\"wp-block-stackable-image stk-block-image stk-block stk-f7facfe\" data-block-id=\"f7facfe\"><style>.stk-f7facfe {border-top-left-radius:15px !important;border-top-right-radius:15px !important;border-bottom-right-radius:15px !important;border-bottom-left-radius:15px !important;overflow:hidden !important;}.stk-f7facfe .stk-img-wrapper{height:350px !important;--stk-gradient-overlay:0.8 !important;}.stk-f7facfe .stk-img-wrapper::after{background-image:linear-gradient(0deg,rgb(74,74,46) 5%,rgba(41,28,22,0) 53%) !important;}:where(.stk-hover-parent:hover,  .stk-hover-parent.stk--is-hovered) .stk-f7facfe .stk-img-wrapper::after{background-image:linear-gradient(0deg,rgb(74,74,46) 76%,rgba(255,255,255,0) 100%) !important;}:where(.stk-hover-parent:hover,  .stk-hover-parent.stk--is-hovered) .stk-f7facfe .stk-img-wrapper{--stk-gradient-overlay:0.8 !important;}@media screen and (max-width: 767px){.stk-f7facfe .stk-img-wrapper{height:200px !important;}}<\/style><figure><span class=\"stk-img-wrapper stk-image--shape-stretch stk-img--gradient-overlay\"><img loading=\"lazy\" decoding=\"async\" class=\"stk-img wp-image-461\" src=\"https:\/\/domaine-saint-michel.com\/wp-content\/uploads\/2025\/02\/fishing-2948694_1280.jpg\" width=\"1280\" height=\"850\" alt=\"campsite near fishing site\" srcset=\"https:\/\/domaine-saint-michel.com\/wp-content\/uploads\/2025\/02\/fishing-2948694_1280.jpg 1280w, https:\/\/domaine-saint-michel.com\/wp-content\/uploads\/2025\/02\/fishing-2948694_1280-300x199.jpg 300w, https:\/\/domaine-saint-michel.com\/wp-content\/uploads\/2025\/02\/fishing-2948694_1280-1024x680.jpg 1024w, https:\/\/domaine-saint-michel.com\/wp-content\/uploads\/2025\/02\/fishing-2948694_1280-768x510.jpg 768w, https:\/\/domaine-saint-michel.com\/wp-content\/uploads\/2025\/02\/fishing-2948694_1280-500x332.jpg 500w, https:\/\/domaine-saint-michel.com\/wp-content\/uploads\/2025\/02\/fishing-2948694_1280-800x531.jpg 800w\" sizes=\"auto, (max-width: 1280px) 100vw, 1280px\" \/><\/span><\/figure><\/div>\n\n\n\n<div class=\"wp-block-stackable-column stk-block-column stk-column stk-block stk-d20af7b\" data-v=\"4\" data-block-id=\"d20af7b\"><style>.stk-d20af7b {align-items:flex-end !important;margin-left:51px !important;display:flex !important;}<\/style><div class=\"stk-column-wrapper stk-block-column__content stk-container stk-d20af7b-container stk--no-background stk--no-padding\"><div class=\"stk-block-content stk-inner-blocks stk-d20af7b-inner-blocks\">\n<div class=\"wp-block-stackable-text stk-block-text stk-block stk-505fc85\" data-block-id=\"505fc85\"><style>.stk-505fc85 {margin-bottom:-25px !important;}.stk-505fc85 .stk-block-text__text{font-size:1.3em !important;color:#FFFFFF !important;font-family:\"Homenaje\", Sans-serif !important;}@media screen and (max-width: 1023px){.stk-505fc85 .stk-block-text__text{font-size:1.3em !important;}}<\/style><p class=\"stk-block-text__text has-text-color has-text-align-left\"><\/p><\/div>\n\n\n\n<div class=\"wp-block-stackable-button-group stk-block-button-group stk-block stk-cc2439c\" data-block-id=\"cc2439c\"><div class=\"stk-row stk-inner-blocks has-text-align-left stk-block-content stk-button-group\">\n<div class=\"wp-block-stackable-button stk-block-button stk-block stk-f6eb81c\" data-block-id=\"f6eb81c\"><style>.stk-f6eb81c .stk-button{padding-top:0px !important;padding-right:30px !important;padding-bottom:0px !important;padding-left:0px !important;background:#ffffff00 !important;border-bottom-right-radius:10px !important;}.stk-f6eb81c .stk-button:before{border-style:solid !important;border-color:#FFFFFF !important;border-top-width:0px !important;border-right-width:1px !important;border-bottom-width:1px !important;border-left-width:0px !important;}.stk-f6eb81c .stk-button__inner-text{font-size:2em !important;color:#FFFFFF !important;font-family:\"Birthstone\", Sans-serif !important;}@media screen and (max-width: 1023px){.stk-f6eb81c .stk-button__inner-text{font-size:2em !important;}}<\/style><a class=\"stk-link stk-button stk--hover-effect-darken\" href=\"\"><span class=\"has-text-color stk-button__inner-text\">Fishing<\/span><\/a><\/div>\n<\/div><\/div>\n<\/div><\/div><\/div>\n<\/div><a class=\"stk-link stk-block-link stk--transparent-overlay\" href=\"https:\/\/domaine-saint-michel.com\/en\/nature-rating\/fishing-oise\/\"><\/a><\/div>\n<\/div><\/div><\/div>\n\n\n\n<div class=\"wp-block-stackable-column stk-block-column stk-column stk-block stk-155a325\" data-v=\"4\" data-block-id=\"155a325\"><div class=\"stk-column-wrapper stk-block-column__content stk-container stk-155a325-container stk--no-background stk--no-padding\"><div class=\"stk-block-content stk-inner-blocks stk-155a325-inner-blocks\">\n<div class=\"wp-block-stackable-image-box stk-block-image-box stk-hover-parent stk-block stk-17a2e78 is-style-default\" data-block-id=\"17a2e78\"><div class=\"stk-block-content stk-inner-blocks has-text-align-center stk-row stk-block-image-box__content\">\n<div class=\"wp-block-stackable-image stk-block-image stk-block stk-01847a8\" data-block-id=\"01847a8\"><style>.stk-01847a8 {border-top-left-radius:15px !important;border-top-right-radius:15px !important;border-bottom-right-radius:15px !important;border-bottom-left-radius:15px !important;overflow:hidden !important;}.stk-01847a8 .stk-img-wrapper{height:350px !important;--stk-gradient-overlay:0.8 !important;}.stk-01847a8 .stk-img-wrapper::after{background-image:linear-gradient(0deg,rgb(74,74,46) 5%,rgba(41,28,22,0) 53%) !important;}:where(.stk-hover-parent:hover,  .stk-hover-parent.stk--is-hovered) .stk-01847a8 .stk-img-wrapper::after{background-image:linear-gradient(0deg,rgb(74,74,46) 76%,rgba(255,255,255,0) 100%) !important;}:where(.stk-hover-parent:hover,  .stk-hover-parent.stk--is-hovered) .stk-01847a8 .stk-img-wrapper{--stk-gradient-overlay:0.8 !important;}@media screen and (max-width: 767px){.stk-01847a8 .stk-img-wrapper{height:200px !important;}}<\/style><figure><span class=\"stk-img-wrapper stk-image--shape-stretch stk-img--gradient-overlay\"><img loading=\"lazy\" decoding=\"async\" class=\"stk-img wp-image-521\" src=\"https:\/\/domaine-saint-michel.com\/wp-content\/uploads\/2025\/02\/path-1577192_1280.jpg\" width=\"1280\" height=\"853\" alt=\"walks near the campsite\" srcset=\"https:\/\/domaine-saint-michel.com\/wp-content\/uploads\/2025\/02\/path-1577192_1280.jpg 1280w, https:\/\/domaine-saint-michel.com\/wp-content\/uploads\/2025\/02\/path-1577192_1280-300x200.jpg 300w, https:\/\/domaine-saint-michel.com\/wp-content\/uploads\/2025\/02\/path-1577192_1280-1024x682.jpg 1024w, https:\/\/domaine-saint-michel.com\/wp-content\/uploads\/2025\/02\/path-1577192_1280-768x512.jpg 768w, https:\/\/domaine-saint-michel.com\/wp-content\/uploads\/2025\/02\/path-1577192_1280-500x333.jpg 500w, https:\/\/domaine-saint-michel.com\/wp-content\/uploads\/2025\/02\/path-1577192_1280-800x533.jpg 800w\" sizes=\"auto, (max-width: 1280px) 100vw, 1280px\" \/><\/span><\/figure><\/div>\n\n\n\n<div class=\"wp-block-stackable-column stk-block-column stk-column stk-block stk-8176e88\" data-v=\"4\" data-block-id=\"8176e88\"><style>.stk-8176e88 {align-items:flex-end !important;margin-left:51px !important;display:flex !important;}<\/style><div class=\"stk-column-wrapper stk-block-column__content stk-container stk-8176e88-container stk--no-background stk--no-padding\"><div class=\"stk-block-content stk-inner-blocks stk-8176e88-inner-blocks\">\n<div class=\"wp-block-stackable-text stk-block-text stk-block stk-6fed34b\" data-block-id=\"6fed34b\"><style>.stk-6fed34b {margin-bottom:-25px !important;}.stk-6fed34b .stk-block-text__text{font-size:1.3em !important;color:#FFFFFF !important;font-family:\"Homenaje\", Sans-serif !important;}@media screen and (max-width: 1023px){.stk-6fed34b .stk-block-text__text{font-size:1.3em !important;}}<\/style><p class=\"stk-block-text__text has-text-color has-text-align-left\"><\/p><\/div>\n\n\n\n<div class=\"wp-block-stackable-button-group stk-block-button-group stk-block stk-a8fe090\" data-block-id=\"a8fe090\"><div class=\"stk-row stk-inner-blocks has-text-align-left stk-block-content stk-button-group\">\n<div class=\"wp-block-stackable-button stk-block-button stk-block stk-a3dfa51\" data-block-id=\"a3dfa51\"><style>.stk-a3dfa51 .stk-button{padding-top:0px !important;padding-right:30px !important;padding-bottom:0px !important;padding-left:0px !important;background:#ffffff00 !important;border-bottom-right-radius:10px !important;}.stk-a3dfa51 .stk-button:before{border-style:solid !important;border-color:#FFFFFF !important;border-top-width:0px !important;border-right-width:1px !important;border-bottom-width:1px !important;border-left-width:0px !important;}.stk-a3dfa51 .stk-button__inner-text{font-size:2em !important;color:#FFFFFF !important;font-family:\"Birthstone\", Sans-serif !important;}@media screen and (max-width: 1023px){.stk-a3dfa51 .stk-button__inner-text{font-size:2em !important;}}<\/style><a class=\"stk-link stk-button stk--hover-effect-darken\" href=\"\"><span class=\"has-text-color stk-button__inner-text\">Hiking<\/span><\/a><\/div>\n<\/div><\/div>\n<\/div><\/div><\/div>\n<\/div><a class=\"stk-link stk-block-link stk--transparent-overlay\" href=\"https:\/\/domaine-saint-michel.com\/en\/nature-rating\/gouvieux-walks\/\"><\/a><\/div>\n<\/div><\/div><\/div>\n<\/div><\/div>\n\n\n\n<p data-block-type=\"core\"><\/p>","protected":false},"excerpt":{"rendered":"<p>P\u00eache Randonn\u00e9es<\/p>","protected":false},"author":1,"featured_media":445,"parent":0,"menu_order":0,"comment_status":"closed","ping_status":"closed","template":"","meta":{"_acf_changed":false,"_seopress_robots_primary_cat":"","_seopress_titles_title":"C\u00f4t\u00e9 nature - Domaine Saint Michel","_seopress_titles_desc":"P\u00eache ou randonn\u00e9es, le Domaine Saint Michel se trouve au coeur de la nature, dans un cadre pr\u00e9serv\u00e9. R\u00e9servez votre s\u00e9jour dans l'Oise.","_seopress_robots_index":"","_vp_format_video_url":"","_vp_image_focal_point":[],"footnotes":""},"class_list":["post-393","page","type-page","status-publish","has-post-thumbnail","hentry"],"acf":[],"_links":{"self":[{"href":"https:\/\/domaine-saint-michel.com\/en\/wp-json\/wp\/v2\/pages\/393","targetHints":{"allow":["GET"]}}],"collection":[{"href":"https:\/\/domaine-saint-michel.com\/en\/wp-json\/wp\/v2\/pages"}],"about":[{"href":"https:\/\/domaine-saint-michel.com\/en\/wp-json\/wp\/v2\/types\/page"}],"author":[{"embeddable":true,"href":"https:\/\/domaine-saint-michel.com\/en\/wp-json\/wp\/v2\/users\/1"}],"replies":[{"embeddable":true,"href":"https:\/\/domaine-saint-michel.com\/en\/wp-json\/wp\/v2\/comments?post=393"}],"version-history":[{"count":4,"href":"https:\/\/domaine-saint-michel.com\/en\/wp-json\/wp\/v2\/pages\/393\/revisions"}],"predecessor-version":[{"id":884,"href":"https:\/\/domaine-saint-michel.com\/en\/wp-json\/wp\/v2\/pages\/393\/revisions\/884"}],"wp:featuredmedia":[{"embeddable":true,"href":"https:\/\/domaine-saint-michel.com\/en\/wp-json\/wp\/v2\/media\/445"}],"wp:attachment":[{"href":"https:\/\/domaine-saint-michel.com\/en\/wp-json\/wp\/v2\/media?parent=393"}],"curies":[{"name":"wp","href":"https:\/\/api.w.org\/{rel}","templated":true}]}}