{"id":397,"date":"2025-02-07T12:23:37","date_gmt":"2025-02-07T11:23:37","guid":{"rendered":"https:\/\/domaine-saint-michel.com\/?page_id=397"},"modified":"2025-04-01T11:29:28","modified_gmt":"2025-04-01T09:29:28","slug":"cote-loisirs","status":"publish","type":"page","link":"https:\/\/domaine-saint-michel.com\/en\/cote-loisirs\/","title":{"rendered":"Leisure activities"},"content":{"rendered":"<div class=\"wp-block-stackable-columns alignfull stk-block-columns stk-block stk-4349a51\" data-block-id=\"4349a51\"><div class=\"stk-row stk-inner-blocks stk-block-content stk-content-align stk-4349a51-column alignwide\">\n<div class=\"wp-block-stackable-column stk-block-column stk-column stk-block stk-941558f\" data-v=\"4\" data-block-id=\"941558f\"><div class=\"stk-column-wrapper stk-block-column__content stk-container stk-941558f-container stk--no-background stk--no-padding\"><div class=\"stk-block-content stk-inner-blocks stk-941558f-inner-blocks\">\n<div class=\"wp-block-stackable-image-box stk-block-image-box stk-hover-parent stk-block stk-b98c6ec is-style-default\" data-block-id=\"b98c6ec\"><div class=\"stk-block-content stk-inner-blocks has-text-align-center stk-row stk-block-image-box__content\">\n<div class=\"wp-block-stackable-image stk-block-image stk-block stk-e72187a\" data-block-id=\"e72187a\"><style>.stk-e72187a {border-top-left-radius:15px !important;border-top-right-radius:15px !important;border-bottom-right-radius:15px !important;border-bottom-left-radius:15px !important;overflow:hidden !important;}.stk-e72187a .stk-img-wrapper{height:350px !important;--stk-gradient-overlay:0.8 !important;}.stk-e72187a .stk-img-wrapper::after{background-image:linear-gradient(0deg,rgb(74,74,46) 5%,rgba(41,28,22,0) 53%) !important;}:where(.stk-hover-parent:hover,  .stk-hover-parent.stk--is-hovered) .stk-e72187a .stk-img-wrapper::after{background-image:linear-gradient(0deg,rgb(74,74,46) 76%,rgba(255,255,255,0) 100%) !important;}:where(.stk-hover-parent:hover,  .stk-hover-parent.stk--is-hovered) .stk-e72187a .stk-img-wrapper{--stk-gradient-overlay:0.8 !important;}@media screen and (max-width: 767px){.stk-e72187a .stk-img-wrapper{height:200px !important;}}<\/style><figure><span class=\"stk-img-wrapper stk-image--shape-stretch stk-img--gradient-overlay\"><img loading=\"lazy\" decoding=\"async\" class=\"stk-img wp-image-486\" src=\"https:\/\/domaine-saint-michel.com\/wp-content\/uploads\/2025\/02\/PERSONNAGES_SCAMBON.jpg\" width=\"1100\" height=\"732\" alt=\"campsite close to parc asterix\" srcset=\"https:\/\/domaine-saint-michel.com\/wp-content\/uploads\/2025\/02\/PERSONNAGES_SCAMBON.jpg 1100w, https:\/\/domaine-saint-michel.com\/wp-content\/uploads\/2025\/02\/PERSONNAGES_SCAMBON-300x200.jpg 300w, https:\/\/domaine-saint-michel.com\/wp-content\/uploads\/2025\/02\/PERSONNAGES_SCAMBON-1024x681.jpg 1024w, https:\/\/domaine-saint-michel.com\/wp-content\/uploads\/2025\/02\/PERSONNAGES_SCAMBON-768x511.jpg 768w, https:\/\/domaine-saint-michel.com\/wp-content\/uploads\/2025\/02\/PERSONNAGES_SCAMBON-500x333.jpg 500w, https:\/\/domaine-saint-michel.com\/wp-content\/uploads\/2025\/02\/PERSONNAGES_SCAMBON-800x532.jpg 800w\" sizes=\"auto, (max-width: 1100px) 100vw, 1100px\" \/><\/span><\/figure><\/div>\n\n\n\n<div class=\"wp-block-stackable-column stk-block-column stk-column stk-block stk-ff87fad\" data-v=\"4\" data-block-id=\"ff87fad\"><style>.stk-ff87fad {align-items:flex-end !important;margin-left:51px !important;display:flex !important;}<\/style><div class=\"stk-column-wrapper stk-block-column__content stk-container stk-ff87fad-container stk--no-background stk--no-padding\"><div class=\"stk-block-content stk-inner-blocks stk-ff87fad-inner-blocks\">\n<div class=\"wp-block-stackable-text stk-block-text stk-block stk-7a9942b\" data-block-id=\"7a9942b\"><style>.stk-7a9942b {margin-bottom:-25px !important;}.stk-7a9942b .stk-block-text__text{font-size:1.3em !important;color:#FFFFFF !important;font-family:\"Homenaje\", Sans-serif !important;}@media screen and (max-width: 1023px){.stk-7a9942b .stk-block-text__text{font-size:1.3em !important;}}<\/style><p class=\"stk-block-text__text has-text-color has-text-align-left\">Park<\/p><\/div>\n\n\n\n<div class=\"wp-block-stackable-button-group stk-block-button-group stk-block stk-a556776\" data-block-id=\"a556776\"><div class=\"stk-row stk-inner-blocks has-text-align-left stk-block-content stk-button-group\">\n<div class=\"wp-block-stackable-button stk-block-button stk-block stk-03b1f76\" data-block-id=\"03b1f76\"><style>.stk-03b1f76 .stk-button{padding-top:0px !important;padding-right:30px !important;padding-bottom:0px !important;padding-left:0px !important;background:#ffffff00 !important;border-bottom-right-radius:10px !important;}.stk-03b1f76 .stk-button:before{border-style:solid !important;border-color:#FFFFFF !important;border-top-width:0px !important;border-right-width:1px !important;border-bottom-width:1px !important;border-left-width:0px !important;}.stk-03b1f76 .stk-button__inner-text{font-size:2em !important;color:#FFFFFF !important;font-family:\"Birthstone\", Sans-serif !important;}@media screen and (max-width: 1023px){.stk-03b1f76 .stk-button__inner-text{font-size:2em !important;}}<\/style><a class=\"stk-link stk-button stk--hover-effect-darken\" href=\"\"><span class=\"has-text-color stk-button__inner-text\">Asterix<\/span><\/a><\/div>\n<\/div><\/div>\n<\/div><\/div><\/div>\n<\/div><a class=\"stk-link stk-block-link stk--transparent-overlay\" href=\"https:\/\/domaine-saint-michel.com\/en\/cote-loisirs\/parc-asterix\/\"><\/a><\/div>\n<\/div><\/div><\/div>\n\n\n\n<div class=\"wp-block-stackable-column stk-block-column stk-column stk-block stk-f463f85\" data-v=\"4\" data-block-id=\"f463f85\"><div class=\"stk-column-wrapper stk-block-column__content stk-container stk-f463f85-container stk--no-background stk--no-padding\"><div class=\"stk-block-content stk-inner-blocks stk-f463f85-inner-blocks\">\n<div class=\"wp-block-stackable-image-box stk-block-image-box stk-hover-parent stk-block stk-5e038de is-style-default\" data-block-id=\"5e038de\"><div class=\"stk-block-content stk-inner-blocks has-text-align-center stk-row stk-block-image-box__content\">\n<div class=\"wp-block-stackable-image stk-block-image stk-block stk-f7facfe\" data-block-id=\"f7facfe\"><style>.stk-f7facfe {border-top-left-radius:15px !important;border-top-right-radius:15px !important;border-bottom-right-radius:15px !important;border-bottom-left-radius:15px !important;overflow:hidden !important;}.stk-f7facfe .stk-img-wrapper{height:350px !important;--stk-gradient-overlay:0.8 !important;}.stk-f7facfe .stk-img-wrapper::after{background-image:linear-gradient(0deg,rgb(74,74,46) 5%,rgba(41,28,22,0) 53%) !important;}:where(.stk-hover-parent:hover,  .stk-hover-parent.stk--is-hovered) .stk-f7facfe .stk-img-wrapper::after{background-image:linear-gradient(0deg,rgb(74,74,46) 76%,rgba(255,255,255,0) 100%) !important;}:where(.stk-hover-parent:hover,  .stk-hover-parent.stk--is-hovered) .stk-f7facfe .stk-img-wrapper{--stk-gradient-overlay:0.8 !important;}@media screen and (max-width: 767px){.stk-f7facfe .stk-img-wrapper{height:200px !important;}}<\/style><figure><span class=\"stk-img-wrapper stk-image--shape-stretch stk-img--gradient-overlay\"><img loading=\"lazy\" decoding=\"async\" class=\"stk-img wp-image-506\" src=\"https:\/\/domaine-saint-michel.com\/wp-content\/uploads\/2025\/02\/pedalo3-2048x1365-1.jpg\" width=\"2048\" height=\"1365\" alt=\"campsite near base de loisirs gouvieux\" srcset=\"https:\/\/domaine-saint-michel.com\/wp-content\/uploads\/2025\/02\/pedalo3-2048x1365-1.jpg 2048w, https:\/\/domaine-saint-michel.com\/wp-content\/uploads\/2025\/02\/pedalo3-2048x1365-1-300x200.jpg 300w, https:\/\/domaine-saint-michel.com\/wp-content\/uploads\/2025\/02\/pedalo3-2048x1365-1-1024x683.jpg 1024w, https:\/\/domaine-saint-michel.com\/wp-content\/uploads\/2025\/02\/pedalo3-2048x1365-1-768x512.jpg 768w, https:\/\/domaine-saint-michel.com\/wp-content\/uploads\/2025\/02\/pedalo3-2048x1365-1-1536x1024.jpg 1536w, https:\/\/domaine-saint-michel.com\/wp-content\/uploads\/2025\/02\/pedalo3-2048x1365-1-500x333.jpg 500w, https:\/\/domaine-saint-michel.com\/wp-content\/uploads\/2025\/02\/pedalo3-2048x1365-1-800x533.jpg 800w, https:\/\/domaine-saint-michel.com\/wp-content\/uploads\/2025\/02\/pedalo3-2048x1365-1-1280x853.jpg 1280w, https:\/\/domaine-saint-michel.com\/wp-content\/uploads\/2025\/02\/pedalo3-2048x1365-1-1920x1280.jpg 1920w\" sizes=\"auto, (max-width: 2048px) 100vw, 2048px\" \/><\/span><\/figure><\/div>\n\n\n\n<div class=\"wp-block-stackable-column stk-block-column stk-column stk-block stk-d20af7b\" data-v=\"4\" data-block-id=\"d20af7b\"><style>.stk-d20af7b {align-items:flex-end !important;margin-left:51px !important;display:flex !important;}<\/style><div class=\"stk-column-wrapper stk-block-column__content stk-container stk-d20af7b-container stk--no-background stk--no-padding\"><div class=\"stk-block-content stk-inner-blocks stk-d20af7b-inner-blocks\">\n<div class=\"wp-block-stackable-text stk-block-text stk-block stk-505fc85\" data-block-id=\"505fc85\"><style>.stk-505fc85 {margin-bottom:-25px !important;}.stk-505fc85 .stk-block-text__text{font-size:1.3em !important;color:#FFFFFF !important;font-family:\"Homenaje\", Sans-serif !important;}@media screen and (max-width: 1023px){.stk-505fc85 .stk-block-text__text{font-size:1.3em !important;}}<\/style><p class=\"stk-block-text__text has-text-color has-text-align-left\">Base of<\/p><\/div>\n\n\n\n<div class=\"wp-block-stackable-button-group stk-block-button-group stk-block stk-cc2439c\" data-block-id=\"cc2439c\"><div class=\"stk-row stk-inner-blocks has-text-align-left stk-block-content stk-button-group\">\n<div class=\"wp-block-stackable-button stk-block-button stk-block stk-f6eb81c\" data-block-id=\"f6eb81c\"><style>.stk-f6eb81c .stk-button{padding-top:0px !important;padding-right:30px !important;padding-bottom:0px !important;padding-left:0px !important;background:#ffffff00 !important;border-bottom-right-radius:10px !important;}.stk-f6eb81c .stk-button:before{border-style:solid !important;border-color:#FFFFFF !important;border-top-width:0px !important;border-right-width:1px !important;border-bottom-width:1px !important;border-left-width:0px !important;}.stk-f6eb81c .stk-button__inner-text{font-size:2em !important;color:#FFFFFF !important;font-family:\"Birthstone\", Sans-serif !important;}@media screen and (max-width: 1023px){.stk-f6eb81c .stk-button__inner-text{font-size:2em !important;}}<\/style><a class=\"stk-link stk-button stk--hover-effect-darken\" href=\"\"><span class=\"has-text-color stk-button__inner-text\">Leisure<\/span><\/a><\/div>\n<\/div><\/div>\n<\/div><\/div><\/div>\n<\/div><a class=\"stk-link stk-block-link stk--transparent-overlay\" href=\"https:\/\/domaine-saint-michel.com\/en\/cote-loisirs\/leisure-centre\/\"><\/a><\/div>\n<\/div><\/div><\/div>\n\n\n\n<div class=\"wp-block-stackable-column stk-block-column stk-column stk-block stk-155a325\" data-v=\"4\" data-block-id=\"155a325\"><div class=\"stk-column-wrapper stk-block-column__content stk-container stk-155a325-container stk--no-background stk--no-padding\"><div class=\"stk-block-content stk-inner-blocks stk-155a325-inner-blocks\">\n<div class=\"wp-block-stackable-image-box stk-block-image-box stk-hover-parent stk-block stk-17a2e78 is-style-default\" data-block-id=\"17a2e78\"><div class=\"stk-block-content stk-inner-blocks has-text-align-center stk-row stk-block-image-box__content\">\n<div class=\"wp-block-stackable-image stk-block-image stk-block stk-01847a8\" data-block-id=\"01847a8\"><style>.stk-01847a8 {border-top-left-radius:15px !important;border-top-right-radius:15px !important;border-bottom-right-radius:15px !important;border-bottom-left-radius:15px !important;overflow:hidden !important;}.stk-01847a8 .stk-img-wrapper{height:350px !important;--stk-gradient-overlay:0.8 !important;}.stk-01847a8 .stk-img-wrapper::after{background-image:linear-gradient(0deg,rgb(74,74,46) 5%,rgba(41,28,22,0) 53%) !important;}:where(.stk-hover-parent:hover,  .stk-hover-parent.stk--is-hovered) .stk-01847a8 .stk-img-wrapper::after{background-image:linear-gradient(0deg,rgb(74,74,46) 76%,rgba(255,255,255,0) 100%) !important;}:where(.stk-hover-parent:hover,  .stk-hover-parent.stk--is-hovered) .stk-01847a8 .stk-img-wrapper{--stk-gradient-overlay:0.8 !important;}@media screen and (max-width: 767px){.stk-01847a8 .stk-img-wrapper{height:200px !important;}}<\/style><figure><span class=\"stk-img-wrapper stk-image--shape-stretch stk-img--gradient-overlay\"><img loading=\"lazy\" decoding=\"async\" class=\"stk-img wp-image-516\" src=\"https:\/\/domaine-saint-michel.com\/wp-content\/uploads\/2025\/02\/csm_la-mer-de-sable-sonora-1_9812ef1773.png\" width=\"590\" height=\"439\" alt=\"campsite near leisure park\" srcset=\"https:\/\/domaine-saint-michel.com\/wp-content\/uploads\/2025\/02\/csm_la-mer-de-sable-sonora-1_9812ef1773.png 590w, https:\/\/domaine-saint-michel.com\/wp-content\/uploads\/2025\/02\/csm_la-mer-de-sable-sonora-1_9812ef1773-300x223.png 300w, https:\/\/domaine-saint-michel.com\/wp-content\/uploads\/2025\/02\/csm_la-mer-de-sable-sonora-1_9812ef1773-500x372.png 500w\" sizes=\"auto, (max-width: 590px) 100vw, 590px\" \/><\/span><\/figure><\/div>\n\n\n\n<div class=\"wp-block-stackable-column stk-block-column stk-column stk-block stk-8176e88\" data-v=\"4\" data-block-id=\"8176e88\"><style>.stk-8176e88 {align-items:flex-end !important;margin-left:51px !important;display:flex !important;}<\/style><div class=\"stk-column-wrapper stk-block-column__content stk-container stk-8176e88-container stk--no-background stk--no-padding\"><div class=\"stk-block-content stk-inner-blocks stk-8176e88-inner-blocks\">\n<div class=\"wp-block-stackable-text stk-block-text stk-block stk-6fed34b\" data-block-id=\"6fed34b\"><style>.stk-6fed34b {margin-bottom:-25px !important;}.stk-6fed34b .stk-block-text__text{font-size:1.3em !important;color:#FFFFFF !important;font-family:\"Homenaje\", Sans-serif !important;}@media screen and (max-width: 1023px){.stk-6fed34b .stk-block-text__text{font-size:1.3em !important;}}<\/style><p class=\"stk-block-text__text has-text-color has-text-align-left\">The parks<\/p><\/div>\n\n\n\n<div class=\"wp-block-stackable-button-group stk-block-button-group stk-block stk-a8fe090\" data-block-id=\"a8fe090\"><div class=\"stk-row stk-inner-blocks has-text-align-left stk-block-content stk-button-group\">\n<div class=\"wp-block-stackable-button stk-block-button stk-block stk-a3dfa51\" data-block-id=\"a3dfa51\"><style>.stk-a3dfa51 .stk-button{padding-top:0px !important;padding-right:30px !important;padding-bottom:0px !important;padding-left:0px !important;background:#ffffff00 !important;border-bottom-right-radius:10px !important;}.stk-a3dfa51 .stk-button:before{border-style:solid !important;border-color:#FFFFFF !important;border-top-width:0px !important;border-right-width:1px !important;border-bottom-width:1px !important;border-left-width:0px !important;}.stk-a3dfa51 .stk-button__inner-text{font-size:2em !important;color:#FFFFFF !important;font-family:\"Birthstone\", Sans-serif !important;}@media screen and (max-width: 1023px){.stk-a3dfa51 .stk-button__inner-text{font-size:2em !important;}}<\/style><a class=\"stk-link stk-button stk--hover-effect-darken\" href=\"\"><span class=\"has-text-color stk-button__inner-text\">leisure<\/span><\/a><\/div>\n<\/div><\/div>\n<\/div><\/div><\/div>\n<\/div><a class=\"stk-link stk-block-link stk--transparent-overlay\" href=\"https:\/\/domaine-saint-michel.com\/en\/cote-loisirs\/leisure-parks\/\"><\/a><\/div>\n<\/div><\/div><\/div>\n<\/div><\/div>","protected":false},"excerpt":{"rendered":"<p>Parc Ast\u00e9rix Base de Loisirs Les parcs de loisirs<\/p>","protected":false},"author":1,"featured_media":484,"parent":0,"menu_order":0,"comment_status":"closed","ping_status":"closed","template":"","meta":{"_acf_changed":false,"_seopress_robots_primary_cat":"","_seopress_titles_title":"C\u00f4t\u00e9 loisirs - Domaine Saint Michel","_seopress_titles_desc":"D\u00e9couvrez tous les parcs de loisirs situ\u00e9s \u00e0 proximit\u00e9 du Domaine. Louez ou achetez votre mobil home dans un cadre naturel et pr\u00e8s des parcs.","_seopress_robots_index":"","_vp_format_video_url":"","_vp_image_focal_point":[],"footnotes":""},"class_list":["post-397","page","type-page","status-publish","has-post-thumbnail","hentry"],"acf":[],"_links":{"self":[{"href":"https:\/\/domaine-saint-michel.com\/en\/wp-json\/wp\/v2\/pages\/397","targetHints":{"allow":["GET"]}}],"collection":[{"href":"https:\/\/domaine-saint-michel.com\/en\/wp-json\/wp\/v2\/pages"}],"about":[{"href":"https:\/\/domaine-saint-michel.com\/en\/wp-json\/wp\/v2\/types\/page"}],"author":[{"embeddable":true,"href":"https:\/\/domaine-saint-michel.com\/en\/wp-json\/wp\/v2\/users\/1"}],"replies":[{"embeddable":true,"href":"https:\/\/domaine-saint-michel.com\/en\/wp-json\/wp\/v2\/comments?post=397"}],"version-history":[{"count":4,"href":"https:\/\/domaine-saint-michel.com\/en\/wp-json\/wp\/v2\/pages\/397\/revisions"}],"predecessor-version":[{"id":883,"href":"https:\/\/domaine-saint-michel.com\/en\/wp-json\/wp\/v2\/pages\/397\/revisions\/883"}],"wp:featuredmedia":[{"embeddable":true,"href":"https:\/\/domaine-saint-michel.com\/en\/wp-json\/wp\/v2\/media\/484"}],"wp:attachment":[{"href":"https:\/\/domaine-saint-michel.com\/en\/wp-json\/wp\/v2\/media?parent=397"}],"curies":[{"name":"wp","href":"https:\/\/api.w.org\/{rel}","templated":true}]}}