{"id":565,"date":"2025-02-11T09:22:32","date_gmt":"2025-02-11T08:22:32","guid":{"rendered":"https:\/\/domaine-saint-michel.com\/?page_id=565"},"modified":"2025-04-07T14:01:57","modified_gmt":"2025-04-07T12:01:57","slug":"chantilly","status":"publish","type":"page","link":"https:\/\/domaine-saint-michel.com\/en\/chantilly\/","title":{"rendered":"Chantilly"},"content":{"rendered":"<div class=\"wp-block-stackable-columns alignfull stk-block-columns stk-block stk-6cff31a stk-block-background\" data-block-id=\"6cff31a\"><style>.stk-6cff31a .stk--block-align-6cff31a{align-items:center !important;}.stk-6cff31a {background-color:var(--stk-global-color-53333, #4a4a2e) !important;padding-top:0px !important;padding-bottom:0px !important;margin-bottom:60px !important;}.stk-6cff31a:before{background-color:var(--stk-global-color-53333, #4a4a2e) !important;}.stk-6cff31a-column{--stk-column-gap:30px !important;}<\/style><div class=\"stk-row stk-inner-blocks stk--block-align-6cff31a stk-block-content stk-content-align stk-6cff31a-column alignfull\">\n<div class=\"wp-block-stackable-column stk-block-column stk-column stk-block stk-e337e03\" data-v=\"4\" data-block-id=\"e337e03\"><div class=\"stk-column-wrapper stk-block-column__content stk-container stk-e337e03-container stk--no-background stk--no-padding\"><div class=\"stk-block-content stk-inner-blocks stk-e337e03-inner-blocks\">\n<div class=\"wp-block-stackable-image stk-block-image stk-block stk-dfa36f9\" data-block-id=\"dfa36f9\"><style>.stk-dfa36f9 {padding-top:0px !important;padding-right:0px !important;padding-bottom:0px !important;padding-left:0px !important;margin-top:-12px !important;margin-bottom:-12px !important;}.stk-dfa36f9 .stk-img-wrapper{width:100% !important;height:586px !important;}<\/style><figure><span class=\"stk-img-wrapper stk-image--shape-stretch\"><img loading=\"lazy\" decoding=\"async\" class=\"stk-img wp-image-414\" src=\"https:\/\/domaine-saint-michel.com\/wp-content\/uploads\/2025\/02\/IMG_5705.jpg\" width=\"1100\" height=\"825\" alt=\"chantilly\" srcset=\"https:\/\/domaine-saint-michel.com\/wp-content\/uploads\/2025\/02\/IMG_5705.jpg 1100w, https:\/\/domaine-saint-michel.com\/wp-content\/uploads\/2025\/02\/IMG_5705-300x225.jpg 300w, https:\/\/domaine-saint-michel.com\/wp-content\/uploads\/2025\/02\/IMG_5705-1024x768.jpg 1024w, https:\/\/domaine-saint-michel.com\/wp-content\/uploads\/2025\/02\/IMG_5705-768x576.jpg 768w, https:\/\/domaine-saint-michel.com\/wp-content\/uploads\/2025\/02\/IMG_5705-500x375.jpg 500w, https:\/\/domaine-saint-michel.com\/wp-content\/uploads\/2025\/02\/IMG_5705-800x600.jpg 800w\" sizes=\"auto, (max-width: 1100px) 100vw, 1100px\" \/><\/span><\/figure><\/div>\n<\/div><\/div><\/div>\n\n\n\n<div class=\"wp-block-stackable-column stk-block-column stk-column stk-block stk-f5ebddb\" data-v=\"4\" data-block-id=\"f5ebddb\"><div class=\"stk-column-wrapper stk-block-column__content stk-container stk-f5ebddb-container stk--no-background stk--no-padding\"><div class=\"stk-block-content stk-inner-blocks stk-f5ebddb-inner-blocks\">\n<div class=\"wp-block-stackable-heading stk-block-heading stk-block-heading--v2 stk-block stk-cddb52d\" id=\"decouvrez-chantilly-joyau-historique-a-proximite-du-domaine-saint-michel\" data-block-id=\"cddb52d\"><style>.stk-cddb52d .stk-block-heading__text{color:var(--stk-global-color-39619, #f7e1d4) !important;}<\/style><h2 class=\"stk-block-heading__text has-text-color\">Discover Chantilly, a historic jewel near the Domaine Saint Michel<\/h2><\/div>\n\n\n\n<p data-block-type=\"core\">Just a few kilometres from the Domaine Saint Michel, the town of <strong>Chantilly <\/strong>offers you a fascinating journey through French history and culture. Labelled a Town of Art and History since 2007, Chantilly is brimming with architectural and cultural treasures, making it an unmissable destination during your stay.<\/p>\n\n\n\n<div class=\"wp-block-stackable-heading stk-block-heading stk-block-heading--v2 stk-block stk-e6a6f66\" id=\"span-style-color-var-stk-global-color-39619-f-7-e-1-d-4-background-linear-gradient-to-bottom-transparent-50-8-c-5-c-4663-50-class-stk-highlight-un-patrimoine-exceptionnel-span\" data-block-id=\"e6a6f66\"><style>.stk-e6a6f66 {margin-bottom:15px !important;}.stk-e6a6f66 .stk-block-heading__text{color:var(--stk-global-color-39619, #f7e1d4) !important;font-family:\"Birthstone\", Sans-serif !important;}<\/style><h2 class=\"stk-block-heading__text has-text-color\"><span style=\"color: var(--stk-global-color-39619, #f7e1d4);background: linear-gradient(to bottom, transparent 50%, #8c5c4663 50%)\" class=\"stk-highlight\">An exceptional heritage<\/span><\/h2><\/div>\n\n\n\n<div class=\"wp-block-stackable-text stk-block-text stk-block stk-5e8e2f5\" data-block-id=\"5e8e2f5\"><style>.stk-5e8e2f5 {margin-bottom:14px !important;}<\/style><p class=\"stk-block-text__text\">The heart of Chantilly beats to the rhythm of its <a href=\"https:\/\/domaine-saint-michel.com\/en\/chateau-chantilly\/\" data-type=\"page\" data-id=\"367\">castle<\/a>The Ch\u00e2teau de Chantilly is a true architectural jewel of the 19th century. Ch\u00e2teau de Chantilly is home to the prestigious Cond\u00e9 Museum, which boasts one of the finest collections of works of art in France. The Grands Appartements and the Cabinet des Livres will plunge you into the sumptuous world of the Princes of Cond\u00e9.<\/p><\/div>\n\n\n\n<div class=\"wp-block-stackable-heading stk-block-heading stk-block-heading--v2 stk-block stk-3b8f3bc\" id=\"span-style-color-var-stk-global-color-39619-f-7-e-1-d-4-background-linear-gradient-to-bottom-transparent-50-8-c-5-c-4663-50-class-stk-highlight-la-capitale-du-cheval-span\" data-block-id=\"3b8f3bc\"><style>.stk-3b8f3bc {margin-bottom:15px !important;}.stk-3b8f3bc .stk-block-heading__text{color:var(--stk-global-color-39619, #f7e1d4) !important;font-family:\"Birthstone\", Sans-serif !important;}<\/style><h2 class=\"stk-block-heading__text has-text-color\"><span style=\"color: var(--stk-global-color-39619, #f7e1d4);background: linear-gradient(to bottom, transparent 50%, #8c5c4663 50%)\" class=\"stk-highlight\">The horse capital<\/span><\/h2><\/div>\n\n\n\n<div class=\"wp-block-stackable-text stk-block-text stk-block stk-6c20805\" data-block-id=\"6c20805\"><style>.stk-6c20805 {margin-bottom:17px !important;}<\/style><p class=\"stk-block-text__text\">Chantilly is world-renowned for its equestrian heritage. The Grandes \u00c9curies, a veritable palace for horses, is home to the Living Museum of the Horse, where you can watch breathtaking equestrian shows. <a href=\"https:\/\/domaine-saint-michel.com\/en\/hippodrome-chantilly\/\" data-type=\"page\" data-id=\"374\">The racecourse<\/a> des Princes de Cond\u00e9, an emblematic horse racing venue, will provide you with a thrilling experience.<\/p><\/div>\n\n\n\n<div class=\"wp-block-stackable-heading stk-block-heading stk-block-heading--v2 stk-block stk-7377e71\" id=\"span-style-color-var-stk-global-color-39619-f-7-e-1-d-4-background-linear-gradient-to-bottom-transparent-50-8-c-5-c-4663-50-class-stk-highlight-un-ecrin-de-verdure-span\" data-block-id=\"7377e71\"><style>.stk-7377e71 {margin-bottom:15px !important;}.stk-7377e71 .stk-block-heading__text{color:var(--stk-global-color-39619, #f7e1d4) !important;font-family:\"Birthstone\", Sans-serif !important;}<\/style><h2 class=\"stk-block-heading__text has-text-color\"><span style=\"color: var(--stk-global-color-39619, #f7e1d4);background: linear-gradient(to bottom, transparent 50%, #8c5c4663 50%)\" class=\"stk-highlight\">A green setting<\/span><\/h2><\/div>\n\n\n\n<div class=\"wp-block-stackable-text stk-block-text stk-block stk-d069714\" data-block-id=\"d069714\"><p class=\"stk-block-text__text\">The Domaine de Chantilly covers more than 7,800 hectares of forest, parkland and farmland. Don't miss a visit to the <a href=\"https:\/\/domaine-saint-michel.com\/en\/good-addresses-in-chantilly\/\" data-type=\"page\" data-id=\"324\">gardens<\/a> including the famous French garden designed by Le N\u00f4tre. The Pavillon de Manse, a testament to the hydraulic prowess of the 17th century, is also well worth a visit.<\/p><\/div>\n<\/div><\/div><\/div>\n<\/div><\/div>\n\n\n\n<div class=\"wp-block-stackable-columns alignfull stk-block-columns stk-block stk-2bdf4a8\" data-block-id=\"2bdf4a8\"><style>.stk-2bdf4a8 {margin-top:-240px !important;margin-bottom:0px !important;z-index:1 !important;}.stk-2bdf4a8-column{justify-content:flex-end !important;}<\/style><div class=\"stk-row stk-inner-blocks stk-block-content stk-content-align stk-2bdf4a8-column stk--flex alignfull\">\n<div class=\"wp-block-stackable-column stk-block-column stk-column stk-block stk-a71bc91\" data-v=\"4\" data-block-id=\"a71bc91\"><div class=\"stk-column-wrapper stk-block-column__content stk-container stk-a71bc91-container stk--no-background stk--no-padding\"><div class=\"stk-block-content stk-inner-blocks stk-a71bc91-inner-blocks\">\n<div class=\"wp-block-stackable-image stk-block-image has-text-align-right stk-block stk-495c6bf\" data-block-id=\"495c6bf\"><style>.stk-495c6bf {margin-right:-70px !important;}.stk-495c6bf .stk-img-wrapper{width:400px !important;}.stk-495c6bf .stk-img-wrapper img{filter:opacity(0.5) !important;}<\/style><figure><span class=\"stk-img-wrapper stk-image--shape-stretch\"><img loading=\"lazy\" decoding=\"async\" class=\"stk-img wp-image-280\" src=\"https:\/\/domaine-saint-michel.com\/wp-content\/uploads\/2025\/02\/branche.png\" width=\"1000\" height=\"887\" alt=\"domaine saint michel branch\" srcset=\"https:\/\/domaine-saint-michel.com\/wp-content\/uploads\/2025\/02\/branche.png 1000w, https:\/\/domaine-saint-michel.com\/wp-content\/uploads\/2025\/02\/branche-300x266.png 300w, https:\/\/domaine-saint-michel.com\/wp-content\/uploads\/2025\/02\/branche-768x681.png 768w, https:\/\/domaine-saint-michel.com\/wp-content\/uploads\/2025\/02\/branche-500x444.png 500w, https:\/\/domaine-saint-michel.com\/wp-content\/uploads\/2025\/02\/branche-800x710.png 800w\" sizes=\"auto, (max-width: 1000px) 100vw, 1000px\" \/><\/span><\/figure><\/div>\n<\/div><\/div><\/div>\n<\/div><\/div>\n\n\n\n<div class=\"wp-block-stackable-columns alignwide stk-block-columns stk-block stk-2234b8e\" data-block-id=\"2234b8e\"><style>.stk-2234b8e .stk--block-align-2234b8e{align-items:center !important;}.stk-2234b8e {align-items:center !important;margin-top:-137px !important;margin-bottom:50px !important;display:flex !important;}<\/style><div class=\"stk-row stk-inner-blocks stk--block-align-2234b8e stk-block-content stk-content-align stk-2234b8e-column alignwide\">\n<div class=\"wp-block-stackable-column stk-block-column stk-column stk-block stk-bf3181d\" data-v=\"4\" data-block-id=\"bf3181d\"><div class=\"stk-column-wrapper stk-block-column__content stk-container stk-bf3181d-container stk--no-background stk--no-padding\"><div class=\"stk-block-content stk-inner-blocks stk-bf3181d-inner-blocks\">\n<div class=\"wp-block-stackable-heading stk-block-heading stk-block-heading--v2 stk-block stk-de1486d\" id=\"une-ville-aux-multiples-facettes\" data-block-id=\"de1486d\"><style>.stk-de1486d {margin-bottom:15px !important;}.stk-de1486d .stk-block-heading__text{color:var(--stk-global-color-39619, #f7e1d4) !important;font-family:\"Birthstone\", Sans-serif !important;}<\/style><h2 class=\"stk-block-heading__text has-text-color\">A city with many facets<\/h2><\/div>\n\n\n\n<p data-block-type=\"core\">Chantilly will surprise you with the diversity of its heritage. Discover Notre-Dame church, the houses of the O\ufb03ciers, the Lace Museum, or the Bois Saint-Denis district with its many training stables.<\/p>\n\n\n\n<div class=\"wp-block-stackable-heading stk-block-heading stk-block-heading--v2 stk-block stk-6b48401\" id=\"des-visites-guidees-pour-tous\" data-block-id=\"6b48401\"><style>.stk-6b48401 {margin-bottom:15px !important;}.stk-6b48401 .stk-block-heading__text{color:var(--stk-global-color-39619, #f7e1d4) !important;font-family:\"Birthstone\", Sans-serif !important;}<\/style><h2 class=\"stk-block-heading__text has-text-color\">Guided tours for everyone<\/h2><\/div>\n\n\n\n<div class=\"wp-block-stackable-text stk-block-text stk-block stk-6065fa5\" data-block-id=\"6065fa5\"><style>.stk-6065fa5 {margin-bottom:0px !important;}<\/style><p class=\"stk-block-text__text\">The town offers a number of themed tours led by accredited guides. These tours will reveal the secrets of Chantilly, from its equestrian history to its architectural heritage, not forgetting its culinary traditions such as the famous Chantilly cream.<\/p><\/div>\n\n\n\n<p data-block-type=\"core\">During your stay at the Domaine Saint Michel, don't miss the chance to discover this exceptional city, a veritable melting pot of French history and culture.<\/p>\n<\/div><\/div><\/div>\n\n\n\n<div class=\"wp-block-stackable-column stk-block-column stk-column stk-block stk-a5d4b65\" data-v=\"4\" data-block-id=\"a5d4b65\"><style>.stk-a5d4b65 {margin-right:-60px !important;}.stk-a5d4b65-container{padding-top:0px !important;padding-right:0px !important;padding-bottom:0px !important;padding-left:0px !important;}<\/style><div class=\"stk-column-wrapper stk-block-column__content stk-container stk-a5d4b65-container stk--no-background stk--no-padding\"><div class=\"stk-block-content stk-inner-blocks stk-a5d4b65-inner-blocks\">\n<div class=\"wp-block-stackable-columns stk-block-columns stk-block stk-0e4fad4\" data-block-id=\"0e4fad4\"><div class=\"stk-row stk-inner-blocks stk-block-content stk-content-align stk-0e4fad4-column\">\n<div class=\"wp-block-stackable-column stk-block-column stk-column stk-block stk-eb9c398 stk-entrance\" data-v=\"4\" data-block-id=\"eb9c398\"><style>.stk-eb9c398 {--entrance-transform:translateY(-96px) !important;}<\/style><div class=\"stk-column-wrapper stk-block-column__content stk-container stk-eb9c398-container stk--no-background stk--no-padding\"><div class=\"stk-block-content stk-inner-blocks stk-eb9c398-inner-blocks\">\n<div class=\"wp-block-stackable-image stk-block-image stk-block stk-99c650b stk-block-background stk--has-background-overlay\" data-block-id=\"99c650b\"><style>.stk-99c650b {background-image:url(https:\/\/domaine-saint-michel.com\/wp-content\/uploads\/2025\/02\/IMG_5772.jpg) !important;border-top-left-radius:30px !important;border-top-right-radius:30px !important;border-bottom-right-radius:30px !important;border-bottom-left-radius:30px !important;overflow:hidden !important;box-shadow:-2px -2px 6px 0px #00000054 !important;}.stk-99c650b .stk-img-wrapper{width:100% !important;height:400px !important;filter:drop-shadow(-2px -2px 6px #00000054) !important;}.stk-99c650b .stk-img-wrapper img{object-position:63% 59% !important;}<\/style><style class=\"stk-custom-css\">.stk-99c650b.stk-block-image img{visibility:hidden !important}<\/style><figure><span class=\"stk-img-wrapper stk-image--shape-stretch stk--shadow--2px -2px 6px #00000054\"><img loading=\"lazy\" decoding=\"async\" class=\"stk-img wp-image-417\" src=\"https:\/\/domaine-saint-michel.com\/wp-content\/uploads\/2025\/02\/IMG_5772.jpg\" width=\"750\" height=\"1000\" alt=\"chantilly \" srcset=\"https:\/\/domaine-saint-michel.com\/wp-content\/uploads\/2025\/02\/IMG_5772.jpg 750w, https:\/\/domaine-saint-michel.com\/wp-content\/uploads\/2025\/02\/IMG_5772-225x300.jpg 225w, https:\/\/domaine-saint-michel.com\/wp-content\/uploads\/2025\/02\/IMG_5772-500x667.jpg 500w\" sizes=\"auto, (max-width: 750px) 100vw, 750px\" \/><\/span><\/figure><\/div>\n<\/div><\/div><\/div>\n\n\n\n<div class=\"wp-block-stackable-column stk-block-column stk-column stk-block stk-50c7ac7 stk-entrance\" data-v=\"4\" data-block-id=\"50c7ac7\"><style>.stk-50c7ac7 {--entrance-transform:translateY(103px) !important;}<\/style><div class=\"stk-column-wrapper stk-block-column__content stk-container stk-50c7ac7-container stk--no-background stk--no-padding\"><div class=\"stk-block-content stk-inner-blocks stk-50c7ac7-inner-blocks\">\n<div class=\"wp-block-stackable-image stk-block-image stk-block stk-e3b0ea1 stk-block-background stk--has-background-overlay\" data-block-id=\"e3b0ea1\"><style>.stk-e3b0ea1 {background-image:url(https:\/\/domaine-saint-michel.com\/wp-content\/uploads\/2025\/02\/IMG_5710.jpg) !important;border-top-left-radius:30px !important;border-top-right-radius:30px !important;border-bottom-right-radius:30px !important;border-bottom-left-radius:30px !important;overflow:hidden !important;border-style:solid !important;border-color:var(--stk-global-color-13391, #291c16) !important;border-top-width:15px !important;border-right-width:0px !important;border-bottom-width:15px !important;border-left-width:15px !important;margin-top:65px !important;margin-bottom:0px !important;margin-left:-56px !important;}.stk-e3b0ea1 .stk-img-wrapper{width:100% !important;height:400px !important;filter:drop-shadow(-2px -2px 6px #00000054) !important;}.stk-e3b0ea1 .stk-img-wrapper img{object-position:45% 38% !important;}<\/style><style class=\"stk-custom-css\">.stk-e3b0ea1.stk-block-image img{visibility:hidden !important}<\/style><figure><span class=\"stk-img-wrapper stk-image--shape-stretch stk--shadow--2px -2px 6px #00000054\"><img loading=\"lazy\" decoding=\"async\" class=\"stk-img wp-image-416\" src=\"https:\/\/domaine-saint-michel.com\/wp-content\/uploads\/2025\/02\/IMG_5710.jpg\" width=\"750\" height=\"1000\" alt=\"visit to chantilly\" srcset=\"https:\/\/domaine-saint-michel.com\/wp-content\/uploads\/2025\/02\/IMG_5710.jpg 750w, https:\/\/domaine-saint-michel.com\/wp-content\/uploads\/2025\/02\/IMG_5710-225x300.jpg 225w, https:\/\/domaine-saint-michel.com\/wp-content\/uploads\/2025\/02\/IMG_5710-500x667.jpg 500w\" sizes=\"auto, (max-width: 750px) 100vw, 750px\" \/><\/span><\/figure><\/div>\n<\/div><\/div><\/div>\n<\/div><\/div>\n<\/div><\/div><\/div>\n<\/div><\/div>","protected":false},"excerpt":{"rendered":"<p>D\u00e9couvrez Chantilly, joyau historique \u00e0 proximit\u00e9 du Domaine Saint Michel \u00c0 seulement quelques kilom\u00e8tres du Domaine Saint Michel, la ville de Chantilly vous offre un voyage fascinant \u00e0 travers l&rsquo;Histoire et la culture fran\u00e7aise. Labellis\u00e9e Ville d&rsquo;Art et d&rsquo;Histoire depuis 2007, Chantilly regorge de tr\u00e9sors architecturaux et culturels qui en font une destination incontournable lors [&hellip;]<\/p>\n","protected":false},"author":1,"featured_media":548,"parent":0,"menu_order":0,"comment_status":"closed","ping_status":"closed","template":"","meta":{"_acf_changed":false,"_seopress_robots_primary_cat":"","_seopress_titles_title":"Domaine Saint Michel pr\u00e8s de Chantilly","_seopress_titles_desc":"Devenez propri\u00e9taire de votre mobil home au sein du Domaine Saint Michel situ\u00e9 pr\u00e8s de Chantilly. Profitez des atouts de la ville et de son chateau.","_seopress_robots_index":"","_vp_format_video_url":"","_vp_image_focal_point":[],"footnotes":""},"class_list":["post-565","page","type-page","status-publish","has-post-thumbnail","hentry"],"acf":[],"_links":{"self":[{"href":"https:\/\/domaine-saint-michel.com\/en\/wp-json\/wp\/v2\/pages\/565","targetHints":{"allow":["GET"]}}],"collection":[{"href":"https:\/\/domaine-saint-michel.com\/en\/wp-json\/wp\/v2\/pages"}],"about":[{"href":"https:\/\/domaine-saint-michel.com\/en\/wp-json\/wp\/v2\/types\/page"}],"author":[{"embeddable":true,"href":"https:\/\/domaine-saint-michel.com\/en\/wp-json\/wp\/v2\/users\/1"}],"replies":[{"embeddable":true,"href":"https:\/\/domaine-saint-michel.com\/en\/wp-json\/wp\/v2\/comments?post=565"}],"version-history":[{"count":5,"href":"https:\/\/domaine-saint-michel.com\/en\/wp-json\/wp\/v2\/pages\/565\/revisions"}],"predecessor-version":[{"id":1099,"href":"https:\/\/domaine-saint-michel.com\/en\/wp-json\/wp\/v2\/pages\/565\/revisions\/1099"}],"wp:featuredmedia":[{"embeddable":true,"href":"https:\/\/domaine-saint-michel.com\/en\/wp-json\/wp\/v2\/media\/548"}],"wp:attachment":[{"href":"https:\/\/domaine-saint-michel.com\/en\/wp-json\/wp\/v2\/media?parent=565"}],"curies":[{"name":"wp","href":"https:\/\/api.w.org\/{rel}","templated":true}]}}